{"id":3457,"date":"2023-09-27T11:53:18","date_gmt":"2023-09-27T09:53:18","guid":{"rendered":"https:\/\/fero.org\/?page_id=3457"},"modified":"2024-02-27T13:37:22","modified_gmt":"2024-02-27T12:37:22","slug":"politica-de-privacidad","status":"publish","type":"page","link":"https:\/\/fero.org\/ca\/politica-de-privacitat\/","title":{"rendered":"Pol\u00edtica de privacitat"},"content":{"rendered":"<div class=\"wpb-content-wrapper\"><p>[vc_row][vc_column][vc_column_text uncode_shortcode_id=&#8221;193874&#8243;]<span lang=\"ca-ES\">Les dades de car\u00e0cter personal proporcionades de manera volunt\u00e0ria per l&#8217;usuari a trav\u00e9s del lloc web de la Fundaci\u00f3 d\u2019Estudis i Recerca Oncol\u00f2gica (FERO) <\/span><a href=\"http:\/\/www.fero.org\/\" target=\"_new\" rel=\"noopener\"><span lang=\"ca-ES\">www.fero.org<\/span><\/a><span lang=\"ca-ES\"> i els seus subdominis seran tractades per la Fundaci\u00f3 d\u2019Estudis i Recerca Oncol\u00f2gica (FERO), amb domicili a C\/ Can\u00e0ries 21, planta baixa, 08017 Barcelona, CIF: G62663661, i amb les dades de contacte del Delegat de Protecci\u00f3 de Dades: fero@fero.org, com a titular del domini a Internet i responsable del tractament de dades de car\u00e0cter personal i per a les seg\u00fcents finalitats espec\u00edfiques:<\/span><\/p>\n<ol>\n<li><span lang=\"ca-ES\">Gestionar les possibles consultes, queixes, incid\u00e8ncies i reclamacions realitzades per part de l&#8217;usuari. Per fer-ho, es duran a terme els tractaments de dades necessaris per atendre la sol\u00b7licitud requerida per part de l&#8217;usuari, incloent dades com el seu nom, cognoms, correu electr\u00f2nic, tel\u00e8fon, prov\u00edncia, codi postal, aix\u00ed com la informaci\u00f3 relativa a si l&#8217;usuari \u00e9s client de la Fundaci\u00f3 d\u2019Estudis i Recerca Oncol\u00f2gica (FERO) o no.<\/span><\/li>\n<li><span lang=\"ca-ES\">En cas necessari, la Fundaci\u00f3 d\u2019Estudis i Recerca Oncol\u00f2gica (FERO) comunicar\u00e0 les dades de l&#8217;usuari a tercers col\u00b7laboradors per a la correcta atenci\u00f3 de les sol\u00b7licituds d&#8217;informaci\u00f3 que requereixi l&#8217;usuari (com en el cas de consultes relatives a productes o serveis prestats per aquests tercers la atenci\u00f3 de les quals requereixi la comunicaci\u00f3 de les dades de l&#8217;usuari sol\u00b7licitant).<\/span><\/li>\n<li><span lang=\"ca-ES\">Control inform\u00e0tic de la p\u00e0gina web. Amb aquesta finalitat, la Fundaci\u00f3 d\u2019Estudis i Recerca Oncol\u00f2gica (FERO) realitzar\u00e0 les actuacions necess\u00e0ries de vigil\u00e0ncia i control de l&#8217;\u00fas de la p\u00e0gina web i els seus subdominis amb la finalitat de prevenir i detectar qualsevol \u00fas fraudulent (com ara manipulacions t\u00e8cniques, modificacions de codi, etc.). Aquest tractament \u00e9s necessari per complir amb aquelles obligacions legals exposades en la Llei de Serveis de la Societat de la Informaci\u00f3 i Comer\u00e7 Electr\u00f2nic, la finalitat de la qual \u00e9s evitar, prevenir i\/o detectar qualsevol acc\u00e9s no autoritzat, alteraci\u00f3 o p\u00e8rdua d&#8217;aquella informaci\u00f3 relativa a tercers diferents a l&#8217;usuari que pugui generar per a la Fundaci\u00f3 d\u2019Estudis i Recerca Oncol\u00f2gica (FERO) responsabilitats civils, penals i\/o administratives.<\/span><\/li>\n<\/ol>\n<p><span lang=\"ca-ES\">En els casos en qu\u00e8 la Fundaci\u00f3 d\u2019Estudis i Recerca Oncol\u00f2gica (FERO) necessiti obtenir el seu consentiment, aquest ser\u00e0 sol\u00b7licitat indicant la finalitat concreta del mateix mitjan\u00e7ant caselles espec\u00edfiques en formularis en l\u00ednia o en altres formats f\u00edsics.<\/span><\/p>\n<p><span lang=\"ca-ES\">En el seg\u00fcent apartat de tractament de dades personals, l&#8217;usuari trobar\u00e0 m\u00e9s informaci\u00f3 detallada referida a Protecci\u00f3 de Dades (Responsable del tractament, finalitats, legitimitat, destinataris de les dades i com pot, en qualsevol moment, exercir els seus drets sobre el tractament de les seves dades).<\/span><\/p>\n<p><span lang=\"ca-ES\">TRACTAMENT DE DADES DE CAR\u00c0CTER PERSONAL<\/span><\/p>\n<p><span lang=\"ca-ES\">Qui \u00e9s el Responsable del tractament de les seves dades?<\/span><\/p>\n<p><span lang=\"ca-ES\">Fundaci\u00f3 d\u2019Estudis i Recerca Oncol\u00f2gica (FERO) C\/ Can\u00e0ries 21, planta baixa, 08017 Barcelona T. +34 93 270 04 38 Contacte del Delegat de Protecci\u00f3 de Dades: fero@fero.org<\/span><\/p>\n<p><span lang=\"ca-ES\">Amb quina finalitat i amb quina legitimitat tractem les seves dades personals?<\/span><\/p>\n<p><span lang=\"ca-ES\">Les principals finalitats per a les quals tractem les seves dades personals s\u00f3n les seg\u00fcents:<\/span><\/p>\n<ol>\n<li><span lang=\"ca-ES\">Quan els usuaris faciliten les seves dades personals a trav\u00e9s dels diferents formularis per fer donacions, col\u00b7laborar amb la fundaci\u00f3 o presentar una candidatura a les Beques FERO. Per aix\u00f2, les seves dades podran ser tractades fins que ens comuniqui la seva voluntat expressa de donar-se de baixa com a soci de la Fundaci\u00f3 d\u2019Estudis i Recerca Oncol\u00f2gica (FERO).<\/span><\/li>\n<li><span lang=\"ca-ES\">Quan els usuaris faciliten les seves dades personals a trav\u00e9s dels diferents formularis de contacte, la finalitat \u00e9s atendre les sol\u00b7licituds d&#8217;informaci\u00f3 dels usuaris.<\/span><\/li>\n<li><span lang=\"ca-ES\">Amb la finalitat d&#8217;establir una relaci\u00f3 de col\u00b7laboraci\u00f3 amb vost\u00e8 que faci possible complir amb els nostres objectius fundacionals. Amb aquesta finalitat, tractem les dades dels nostres socis, donants i interessats per a les seg\u00fcents activitats:<\/span>\n<ul>\n<li><span lang=\"ca-ES\">Enviar informaci\u00f3 sobre la Fundaci\u00f3 d\u2019Estudis i Recerca Oncol\u00f2gica (FERO) i les seves activitats mitjan\u00e7ant comunicacions via tel\u00e8fon, correu postal, SMS, correu electr\u00f2nic o missatgeria instant\u00e0nia.<\/span><\/li>\n<li><span lang=\"ca-ES\">La comunicaci\u00f3 amb la finalitat de mesurar l&#8217;estat de satisfacci\u00f3 dels socis i donants, amb la finalitat d&#8217;optimitzar les vies de comunicaci\u00f3 i mantenir una relaci\u00f3 propera amb ells.<\/span><\/li>\n<li><span lang=\"ca-ES\">L&#8217;atenci\u00f3 i gesti\u00f3 de consultes dels donants, col\u00b7laboradors i interessats.<\/span><\/li>\n<li><span lang=\"ca-ES\">La sol\u00b7licitud de col\u00b7laboracions mitjan\u00e7ant donacions, increments de quota i altres tipus de participaci\u00f3 (signar en campanyes, etc.), aix\u00ed com la gesti\u00f3 del cobrament d&#8217;aquestes donacions.<\/span><\/li>\n<li><span lang=\"ca-ES\">La invitaci\u00f3 a esdeveniments i actes que la Fundaci\u00f3 d\u2019Estudis i Recerca Oncol\u00f2gica (FERO) pugui organitzar.<\/span><\/li>\n<li><span lang=\"ca-ES\">L&#8217;enviament del certificat fiscal anual de donacions per via postal i\/o digital.<\/span><\/li>\n<\/ul>\n<\/li>\n<\/ol>\n<p><span lang=\"ca-ES\">Amb la informaci\u00f3 facilitada directament per cada soci, donant o interessat, que estigui disponible p\u00fablicament o que hagin fet p\u00fablica, es podran fer elaboracions de perfils, amb l&#8217;objectiu d&#8217;una millor gesti\u00f3 de les activitats esmentades als punts anteriors. L&#8217;elaboraci\u00f3 de perfils no s&#8217;utilitza, en cap cas, per a l&#8217;adopci\u00f3 de decisions automatitzades que tinguin efectes jur\u00eddics o d&#8217;una altra naturalesa que puguin afectar-vos; tots els nostres processos de presa de decisions compten amb la intervenci\u00f3 humana.<\/span><\/p>\n<p><span lang=\"ca-ES\">Podeu oposar-vos a rebre aquest tipus de comunicacions, ara o en qualsevol altre moment, enviant un correu electr\u00f2nic a l&#8217;adre\u00e7a electr\u00f2nica del nostre Delegat de Protecci\u00f3 de Dades, o dirigint una sol\u00b7licitud a la nostra adre\u00e7a postal, a l&#8217;atenci\u00f3 del Delegat de Protecci\u00f3 de Dades.<\/span><\/p>\n<p><span lang=\"ca-ES\">Quin tipus de dades personals seran tractades?<\/span><\/p>\n<p><span lang=\"ca-ES\">Amb el seu consentiment, la Fundaci\u00f3 d\u2019Estudis i Recerca Oncol\u00f2gica (FERO) podr\u00e0 tractar les seg\u00fcents dades personals:<\/span><\/p>\n<ul>\n<li><span lang=\"ca-ES\">Dades identificatives: nom, cognoms, DNI, tel\u00e8fon, adre\u00e7a postal, adre\u00e7a de correu electr\u00f2nic, etc.<\/span><\/li>\n<li><span lang=\"ca-ES\">Dades de car\u00e0cter social: data de naixement, sexe, nacionalitat, dades de fam\u00edlia, llengua materna, permisos i autoritzacions, aficions, etc.<\/span><\/li>\n<li><span lang=\"ca-ES\">Dades econ\u00f2miques i banc\u00e0ries: compte bancari, compte de targeta de cr\u00e8dit o d\u00e8bit, dades fiscals, situaci\u00f3 econ\u00f2mica, etc.<\/span><\/li>\n<li><span lang=\"ca-ES\">Altres dades: Qualsevol altra dada de car\u00e0cter personal que els usuaris facilitin a la Fundaci\u00f3 d\u2019Estudis i Recerca Oncol\u00f2gica (FERO) a trav\u00e9s dels formularis establerts a la p\u00e0gina <\/span><a href=\"http:\/\/www.fero.org\/\" target=\"_new\" rel=\"noopener\"><span lang=\"ca-ES\">www.fero.org<\/span><\/a><span lang=\"ca-ES\"> i els seus subdominis.<\/span><\/li>\n<\/ul>\n<p><span lang=\"ca-ES\">Donacions a trav\u00e9s de portals web<\/span><\/p>\n<p><span lang=\"ca-ES\">Els usuaris poden realitzar donacions a trav\u00e9s de diferents portals web propietat de la Fundaci\u00f3 d\u2019Estudis i Recerca Oncol\u00f2gica (FERO). Aquestes donacions tenen com a objectiu donar suport als projectes de recerca contra el c\u00e0ncer que la Fundaci\u00f3 d\u2019Estudis i Recerca Oncol\u00f2gica (FERO) promou. Durant aquest proc\u00e9s de donaci\u00f3, la Fundaci\u00f3 d\u2019Estudis i Recerca Oncol\u00f2gica (FERO) obt\u00e9 dades personals dels usuaris que decideixen fer una donaci\u00f3 quan:<\/span><\/p>\n<ul>\n<li><span lang=\"ca-ES\">L&#8217;usuari decideix lliurement incloure les seves dades personals (Nom, Cognoms, Adre\u00e7a, Codi Postal, Document d&#8217;Identitat, Correu electr\u00f2nic i Tel\u00e8fon fix i\/o m\u00f2bil).<\/span><\/li>\n<li><span lang=\"ca-ES\">Quan la quantitat de la donaci\u00f3 sigui igual o superior a 100 euros (en compliment de l&#8217;article 42 del Reial Decret 304\/2014, pel qual s&#8217;aprova el Reglament de la Llei 10\/2010, de 28 d&#8217;abril, de Prevenci\u00f3 de Blanqueig de Capitals i Finan\u00e7ament del Terrorisme). En aquest cas, i en compliment de la normativa esmentada, es conservaran les dades personals incloses en els documents o registres que acreditin l&#8217;aplicaci\u00f3 de fons en els diferents projectes, durant un termini de deu anys.<\/span><\/li>\n<li><span lang=\"ca-ES\">Quan l&#8217;usuari sol\u00b7liciti l&#8217;emissi\u00f3 del certificat fiscal de donacions.<\/span><\/li>\n<\/ul>\n<p><span lang=\"ca-ES\">Dades personals de menors d&#8217;edat<\/span><\/p>\n<p><span lang=\"ca-ES\">Per procedir al tractament de dades personals de menors de 14 anys ser\u00e0 necessari el consentiment dels pares, tutors o de aquells qui ostentin la p\u00e0tria potestat del menor.<\/span><\/p>\n<p><span lang=\"ca-ES\">Per aix\u00f2, quan un menor participi en algun esdeveniment organitzat per la Fundaci\u00f3 d\u2019Estudis i Recerca Oncol\u00f2gica (FERO), els seus col\u00b7laboradors o socis, ser\u00e0 necessari facilitar les dades que identifiquin els pares, tutors o qui ostentin la p\u00e0tria potestat amb l&#8217;\u00fanica finalitat de recaptar el consentiment expr\u00e9s necessari. La Fundaci\u00f3 d\u2019Estudis i Recerca Oncol\u00f2gica (FERO) podr\u00e0 requerir el llibre de fam\u00edlia o qualsevol altre document que determini la filiaci\u00f3, condici\u00f3 de tutor o en general p\u00e0tria potestat sobre el menor.<\/span><\/p>\n<p><span lang=\"ca-ES\">A quins destinataris es comunicaran les seves dades?<\/span><\/p>\n<p><span lang=\"ca-ES\">Les seves dades podran ser cedides a les tercers que s&#8217;indiquen a continuaci\u00f3, i pels motius que s&#8217;expliquen a continuaci\u00f3:<\/span><\/p>\n<ul>\n<li><span lang=\"ca-ES\">Administracions P\u00fabliques: En cas que existeixi alguna normativa que aix\u00ed ho exigeixi.<\/span><\/li>\n<li><span lang=\"ca-ES\">Cessions a tercers relacionats amb pagaments de donacions i quotes: En els casos que siguin necessaris per complir amb les obligacions derivades de les campanyes, activitats i iniciatives en les quals participi volunt\u00e0riament (per exemple, entitats banc\u00e0ries i prove\u00efdors de passarel\u00b7les de pagament).<\/span><\/li>\n<li><span lang=\"ca-ES\">Prove\u00efdors: Aquells que necessitin accedir a les seves dades per a la prestaci\u00f3 de serveis que la Fundaci\u00f3 d\u2019Estudis i Recerca Oncol\u00f2gica (FERO) hagi contractat amb ells, i amb els quals tingui subscrits els contractes de confidencialitat i de tractament de dades personals necessaris i exigits per la normativa per protegir la seva privacitat (per exemple, ag\u00e8ncies, impremtes, empreses de telem\u00e0rqueting, etc.).<\/span><\/li>\n<\/ul>\n<p><span lang=\"ca-ES\">En cas que en el futur la Fundaci\u00f3 d\u2019Estudis i Recerca Oncol\u00f2gica (FERO) realitz\u00e9s altres cessions de dades personals, ser\u00e0 informat oportunament.<\/span><\/p>\n<p><span lang=\"ca-ES\">Quins s\u00f3n els seus drets quan ens facilita les seves dades?<\/span><\/p>\n<p><span lang=\"ca-ES\">Confirmaci\u00f3 general: Qualsevol persona t\u00e9 dret a obtenir confirmaci\u00f3 sobre les seves dades recopilades per la Fundaci\u00f3 d\u2019Estudis i Recerca Oncol\u00f2gica (FERO) i el tractament que s&#8217;est\u00e0 realitzant.<\/span><\/p>\n<p><span lang=\"ca-ES\">Drets ARCO: Les persones interessades tenen dret a accedir a les seves dades personals, aix\u00ed com a sol\u00b7licitar la rectificaci\u00f3 de les dades inexactes o, si escau, sol\u00b7licitar la seva supressi\u00f3 quan, entre d&#8217;altres motius, les dades ja no siguin necess\u00e0ries per a les finalitats per les quals van ser recollides.<\/span><\/p>\n<p><span lang=\"ca-ES\">Limitaci\u00f3 del tractament: En determinades circumst\u00e0ncies, els interessats podran sol\u00b7licitar la limitaci\u00f3 del tractament de les seves dades, en aquest cas nom\u00e9s les conservarem per a l&#8217;exercici o la defensa de reclamacions.<\/span><\/p>\n<p><span lang=\"ca-ES\">Oposici\u00f3 al tractament: En determinades circumst\u00e0ncies i per motius relacionats amb la seva situaci\u00f3 particular, els interessats podran oposar-se al tractament de les seves dades. En aquest cas, la Fundaci\u00f3 d\u2019Estudis i Recerca Oncol\u00f2gica (FERO) deixar\u00e0 de tractar les dades, llevat que hi hagi motius leg\u00edtims imperiosos, o l&#8217;exercici o la defensa de possibles reclamacions.<\/span><\/p>\n<p><span lang=\"ca-ES\">Portabilitat de les dades: En determinades circumst\u00e0ncies i per motius relacionats amb la seva situaci\u00f3 particular, els interessats podran sol\u00b7licitar rebre les dades personals facilitades en el formulari de contacte, en un format estructurat, d&#8217;\u00fas com\u00fa i llegible per m\u00e0quina, aix\u00ed com transmetre aquestes dades a un altre responsable del tractament sense impediments.<\/span><\/p>\n<p><span lang=\"ca-ES\">Seguretat de les dades<\/span><\/p>\n<p><span lang=\"ca-ES\">S&#8217;han aplicat les mesures de seguretat adequades per evitar que les seves dades personals es perdin accidentalment, es divulguin o es vegin afectades per modificacions, usos o accessos no autoritzats. A m\u00e9s, l&#8217;acc\u00e9s a les seves dades personals es limita als empleats, agents, contractistes i tercers que necessitin con\u00e8ixer-les per complir amb la seva obligaci\u00f3 contractual. Aquestes persones\/entitats, que estan sotmeses a la deguda confidencialitat, \u00fanicament tractaran les seves dades personals d&#8217;acord amb les nostres instruccions.<\/span><\/p>\n<p><span lang=\"ca-ES\">Hem establert procediments de gesti\u00f3 de possibles fuites de dades personals i ens comprometem a notificar, tant a vost\u00e8 com a l&#8217;autoritat de control corresponent, qualsevol fuga que la legislaci\u00f3 aplicable consideri oport\u00fa notificar.<\/span>[\/vc_column_text][\/vc_column][\/vc_row]<\/p>\n<\/div>","protected":false},"excerpt":{"rendered":"<p>[vc_row][vc_column][vc_column_text uncode_shortcode_id=&#8221;193874&#8243;]Les dades de car\u00e0cter personal proporcionades de manera volunt\u00e0ria per l&#8217;usuari a trav\u00e9s del lloc web de la Fundaci\u00f3 [&hellip;]<\/p>\n","protected":false},"author":2,"featured_media":0,"parent":0,"menu_order":0,"comment_status":"closed","ping_status":"closed","template":"","meta":{"footnotes":""},"folder":[],"class_list":["post-3457","page","type-page","status-publish","hentry"],"yoast_head":"<!-- This site is optimized with the Yoast SEO plugin v27.2 - https:\/\/yoast.com\/product\/yoast-seo-wordpress\/ -->\n<title>Pol\u00edtica de privacitat - Fundaci\u00f3n Fero<\/title>\n<meta name=\"robots\" content=\"index, follow, max-snippet:-1, max-image-preview:large, max-video-preview:-1\" \/>\n<link rel=\"canonical\" href=\"https:\/\/fero.org\/ca\/politica-de-privacitat\/\" \/>\n<meta property=\"og:locale\" content=\"ca_ES\" \/>\n<meta property=\"og:type\" content=\"article\" \/>\n<meta property=\"og:title\" content=\"Pol\u00edtica de privacitat - Fundaci\u00f3n Fero\" \/>\n<meta property=\"og:description\" content=\"[vc_row][vc_column][vc_column_text uncode_shortcode_id=&#8221;193874&#8243;]Les dades de car\u00e0cter personal proporcionades de manera volunt\u00e0ria per l&#8217;usuari a trav\u00e9s del lloc web de la Fundaci\u00f3 [&hellip;]\" \/>\n<meta property=\"og:url\" content=\"https:\/\/fero.org\/ca\/politica-de-privacitat\/\" \/>\n<meta property=\"og:site_name\" content=\"Fundaci\u00f3n Fero\" \/>\n<meta property=\"article:publisher\" content=\"https:\/\/www.facebook.com\/Fundacion.Fero\/\" \/>\n<meta property=\"article:modified_time\" content=\"2024-02-27T12:37:22+00:00\" \/>\n<meta name=\"twitter:card\" content=\"summary_large_image\" \/>\n<meta name=\"twitter:site\" content=\"@FundacionFero\" \/>\n<meta name=\"twitter:label1\" content=\"Temps estimat de lectura\" \/>\n\t<meta name=\"twitter:data1\" content=\"10 minuts\" \/>\n<script type=\"application\/ld+json\" class=\"yoast-schema-graph\">{\"@context\":\"https:\/\/schema.org\",\"@graph\":[{\"@type\":\"WebPage\",\"@id\":\"https:\/\/fero.org\/ca\/politica-de-privacitat\/\",\"url\":\"https:\/\/fero.org\/ca\/politica-de-privacitat\/\",\"name\":\"Pol\u00edtica de privacitat - Fundaci\u00f3n Fero\",\"isPartOf\":{\"@id\":\"https:\/\/fero.org\/ca\/#website\"},\"datePublished\":\"2023-09-27T09:53:18+00:00\",\"dateModified\":\"2024-02-27T12:37:22+00:00\",\"breadcrumb\":{\"@id\":\"https:\/\/fero.org\/ca\/politica-de-privacitat\/#breadcrumb\"},\"inLanguage\":\"ca\",\"potentialAction\":[{\"@type\":\"ReadAction\",\"target\":[\"https:\/\/fero.org\/ca\/politica-de-privacitat\/\"]}]},{\"@type\":\"BreadcrumbList\",\"@id\":\"https:\/\/fero.org\/ca\/politica-de-privacitat\/#breadcrumb\",\"itemListElement\":[{\"@type\":\"ListItem\",\"position\":1,\"name\":\"Portada\",\"item\":\"https:\/\/fero.org\/ca\/\"},{\"@type\":\"ListItem\",\"position\":2,\"name\":\"Pol\u00edtica de privacitat\"}]},{\"@type\":\"WebSite\",\"@id\":\"https:\/\/fero.org\/ca\/#website\",\"url\":\"https:\/\/fero.org\/ca\/\",\"name\":\"Fundaci\u00f3n Fero\",\"description\":\"fundaci\u00f3n privada dedicada a la investigaci\u00f3n oncol\u00f3gica\",\"potentialAction\":[{\"@type\":\"SearchAction\",\"target\":{\"@type\":\"EntryPoint\",\"urlTemplate\":\"https:\/\/fero.org\/ca\/?s={search_term_string}\"},\"query-input\":{\"@type\":\"PropertyValueSpecification\",\"valueRequired\":true,\"valueName\":\"search_term_string\"}}],\"inLanguage\":\"ca\"}]}<\/script>\n<!-- \/ Yoast SEO plugin. -->","yoast_head_json":{"title":"Pol\u00edtica de privacitat - Fundaci\u00f3n Fero","robots":{"index":"index","follow":"follow","max-snippet":"max-snippet:-1","max-image-preview":"max-image-preview:large","max-video-preview":"max-video-preview:-1"},"canonical":"https:\/\/fero.org\/ca\/politica-de-privacitat\/","og_locale":"ca_ES","og_type":"article","og_title":"Pol\u00edtica de privacitat - Fundaci\u00f3n Fero","og_description":"[vc_row][vc_column][vc_column_text uncode_shortcode_id=&#8221;193874&#8243;]Les dades de car\u00e0cter personal proporcionades de manera volunt\u00e0ria per l&#8217;usuari a trav\u00e9s del lloc web de la Fundaci\u00f3 [&hellip;]","og_url":"https:\/\/fero.org\/ca\/politica-de-privacitat\/","og_site_name":"Fundaci\u00f3n Fero","article_publisher":"https:\/\/www.facebook.com\/Fundacion.Fero\/","article_modified_time":"2024-02-27T12:37:22+00:00","twitter_card":"summary_large_image","twitter_site":"@FundacionFero","twitter_misc":{"Temps estimat de lectura":"10 minuts"},"schema":{"@context":"https:\/\/schema.org","@graph":[{"@type":"WebPage","@id":"https:\/\/fero.org\/ca\/politica-de-privacitat\/","url":"https:\/\/fero.org\/ca\/politica-de-privacitat\/","name":"Pol\u00edtica de privacitat - Fundaci\u00f3n Fero","isPartOf":{"@id":"https:\/\/fero.org\/ca\/#website"},"datePublished":"2023-09-27T09:53:18+00:00","dateModified":"2024-02-27T12:37:22+00:00","breadcrumb":{"@id":"https:\/\/fero.org\/ca\/politica-de-privacitat\/#breadcrumb"},"inLanguage":"ca","potentialAction":[{"@type":"ReadAction","target":["https:\/\/fero.org\/ca\/politica-de-privacitat\/"]}]},{"@type":"BreadcrumbList","@id":"https:\/\/fero.org\/ca\/politica-de-privacitat\/#breadcrumb","itemListElement":[{"@type":"ListItem","position":1,"name":"Portada","item":"https:\/\/fero.org\/ca\/"},{"@type":"ListItem","position":2,"name":"Pol\u00edtica de privacitat"}]},{"@type":"WebSite","@id":"https:\/\/fero.org\/ca\/#website","url":"https:\/\/fero.org\/ca\/","name":"Fundaci\u00f3n Fero","description":"fundaci\u00f3n privada dedicada a la investigaci\u00f3n oncol\u00f3gica","potentialAction":[{"@type":"SearchAction","target":{"@type":"EntryPoint","urlTemplate":"https:\/\/fero.org\/ca\/?s={search_term_string}"},"query-input":{"@type":"PropertyValueSpecification","valueRequired":true,"valueName":"search_term_string"}}],"inLanguage":"ca"}]}},"_links":{"self":[{"href":"https:\/\/fero.org\/ca\/wp-json\/wp\/v2\/pages\/3457","targetHints":{"allow":["GET"]}}],"collection":[{"href":"https:\/\/fero.org\/ca\/wp-json\/wp\/v2\/pages"}],"about":[{"href":"https:\/\/fero.org\/ca\/wp-json\/wp\/v2\/types\/page"}],"author":[{"embeddable":true,"href":"https:\/\/fero.org\/ca\/wp-json\/wp\/v2\/users\/2"}],"replies":[{"embeddable":true,"href":"https:\/\/fero.org\/ca\/wp-json\/wp\/v2\/comments?post=3457"}],"version-history":[{"count":5,"href":"https:\/\/fero.org\/ca\/wp-json\/wp\/v2\/pages\/3457\/revisions"}],"predecessor-version":[{"id":3469,"href":"https:\/\/fero.org\/ca\/wp-json\/wp\/v2\/pages\/3457\/revisions\/3469"}],"wp:attachment":[{"href":"https:\/\/fero.org\/ca\/wp-json\/wp\/v2\/media?parent=3457"}],"wp:term":[{"taxonomy":"folder","embeddable":true,"href":"https:\/\/fero.org\/ca\/wp-json\/wp\/v2\/folder?post=3457"}],"curies":[{"name":"wp","href":"https:\/\/api.w.org\/{rel}","templated":true}]}}