{"id":3121,"date":"2023-12-21T12:47:29","date_gmt":"2023-12-21T11:47:29","guid":{"rendered":"https:\/\/fero.org\/?page_id=3121"},"modified":"2025-03-04T17:19:22","modified_gmt":"2025-03-04T16:19:22","slug":"canal-de-denuncias","status":"publish","type":"page","link":"https:\/\/fero.org\/ca\/canal-de-denuncies\/","title":{"rendered":"Canal de Den\u00fancies"},"content":{"rendered":"<div class=\"wpb-content-wrapper\"><p>[vc_row row_height_percent=&#8221;0&#8243; override_padding=&#8221;yes&#8221; h_padding=&#8221;2&#8243; top_padding=&#8221;3&#8243; bottom_padding=&#8221;3&#8243; back_color=&#8221;color-xsdn&#8221; overlay_alpha=&#8221;50&#8243; gutter_size=&#8221;3&#8243; column_width_percent=&#8221;100&#8243; shift_y=&#8221;0&#8243; z_index=&#8221;0&#8243; uncode_shortcode_id=&#8221;158749&#8243; back_color_type=&#8221;uncode-palette&#8221;][vc_column column_width_percent=&#8221;100&#8243; gutter_size=&#8221;3&#8243; overlay_alpha=&#8221;50&#8243; shift_x=&#8221;0&#8243; shift_y=&#8221;-5&#8243; shift_y_fixed=&#8221;yes&#8221; shift_y_down=&#8221;0&#8243; z_index=&#8221;0&#8243; medium_width=&#8221;0&#8243; mobile_width=&#8221;0&#8243; width=&#8221;1\/1&#8243; uncode_shortcode_id=&#8221;195459&#8243; el_class=&#8221;pbottomContactForm&#8221;][vc_empty_space empty_h=&#8221;2&#8243;][vc_column_text uncode_shortcode_id=&#8221;460750&#8243;]Benvingut al Canal de Den\u00fancies de la Fundaci\u00f3 FERO.<\/p>\n<p>La nostra missi\u00f3 \u00e9s promoure la transpar\u00e8ncia, la integritat i la responsabilitat en totes les nostres activitats. Per aquesta ra\u00f3, posem a la disposici\u00f3 de tots els interessats un Canal de Den\u00fancies dissenyat per a detectar pr\u00e0ctiques irregulars dins de la nostra organitzaci\u00f3 i oportunitats de millora en les nostres operacions internes.<\/p>\n<p>Es tracta d&#8217;un espai segur i confidencial en el qual es poden manifestar den\u00fancies relacionades amb conductes considerades inapropiades, il\u00b7legals, irregulars, aix\u00ed com fraus, o qualsevol altra activitat que violi els nostres principis \u00e8tics.<\/p>\n<p>Aquest servei est\u00e0 disponible per a empleats, voluntaris, donants, persones vinculades a ONG Acreditades, prove\u00efdors, i tot aquell que ho desitgi. Per a garantir un seguiment adequat, sol\u00b7licitem informaci\u00f3 de contacte del denunciant, encara que aquest t\u00e9 l&#8217;opci\u00f3 de decidir si desitja proporcionar-la, sent possible tamb\u00e9, a trav\u00e9s d&#8217;un formulari, presentar den\u00fancies de manera an\u00f2nima.<\/p>\n<p>\u00c9s important destacar que aquest canal no est\u00e0 destinat a rebre den\u00fancies sobre conductes irregulars d&#8217;altres entitats, sin\u00f3 \u00fanicament les que tinguin relaci\u00f3 amb la Fundaci\u00f3 FERO.<\/p>\n<p>Tampoc \u00e9s un canal destinat a recopilar suggeriments, comentaris o consultes sobre la nostra activitat. Per a aquests casos, et convidem a utilitzar la informaci\u00f3 de contacte disponible en el nostre lloc web.[\/vc_column_text][vc_button button_color=&#8221;accent&#8221; radius=&#8221;btn-circle&#8221; hover_fx=&#8221;full-colored&#8221; border_width=&#8221;0&#8243; link=&#8221;url:https%3A%2F%2Ffero.org%2Fwp-content%2Fuploads%2F2025%2F03%2FFERO_Protocolo_canal_denuncias.pdf|&#8221; uncode_shortcode_id=&#8221;327819&#8243; button_color_type=&#8221;uncode-palette&#8221;]Descarregar el protocol (PDF &#8211; ES)[\/vc_button][\/vc_column][\/vc_row][vc_row row_height_percent=&#8221;0&#8243; override_padding=&#8221;yes&#8221; h_padding=&#8221;2&#8243; top_padding=&#8221;3&#8243; bottom_padding=&#8221;3&#8243; back_color=&#8221;color-xsdn&#8221; overlay_alpha=&#8221;50&#8243; gutter_size=&#8221;3&#8243; column_width_percent=&#8221;100&#8243; shift_y=&#8221;0&#8243; z_index=&#8221;0&#8243; uncode_shortcode_id=&#8221;158749&#8243; back_color_type=&#8221;uncode-palette&#8221;][vc_column column_width_use_pixel=&#8221;yes&#8221; gutter_size=&#8221;3&#8243; overlay_alpha=&#8221;50&#8243; shift_x=&#8221;0&#8243; shift_y=&#8221;-5&#8243; shift_y_fixed=&#8221;yes&#8221; shift_y_down=&#8221;0&#8243; z_index=&#8221;0&#8243; medium_width=&#8221;0&#8243; mobile_width=&#8221;0&#8243; width=&#8221;1\/1&#8243; uncode_shortcode_id=&#8221;179775&#8243; el_class=&#8221;pbottomContactForm&#8221; column_width_pixel=&#8221;980&#8243;]\n<div class=\"wpcf7 no-js\" id=\"wpcf7-f2943-o1\" lang=\"ca\" dir=\"ltr\" data-wpcf7-id=\"2943\">\n<div class=\"screen-reader-response\"><p role=\"status\" aria-live=\"polite\" aria-atomic=\"true\"><\/p> <ul><\/ul><\/div>\n<form action=\"\/ca\/wp-json\/wp\/v2\/pages\/3121#wpcf7-f2943-o1\" method=\"post\" class=\"wpcf7-form init\" aria-label=\"Formulari de contacte\" enctype=\"multipart\/form-data\" novalidate=\"novalidate\" data-status=\"init\">\n<fieldset class=\"hidden-fields-container\"><input type=\"hidden\" name=\"_wpcf7\" value=\"2943\" \/><input type=\"hidden\" name=\"_wpcf7_version\" value=\"6.1.5\" \/><input type=\"hidden\" name=\"_wpcf7_locale\" value=\"ca\" \/><input type=\"hidden\" name=\"_wpcf7_unit_tag\" value=\"wpcf7-f2943-o1\" \/><input type=\"hidden\" name=\"_wpcf7_container_post\" value=\"0\" \/><input type=\"hidden\" name=\"_wpcf7_posted_data_hash\" value=\"\" \/><input type=\"hidden\" name=\"_wpcf7_recaptcha_response\" value=\"\" \/>\n<\/fieldset>\n<p><input type=\"hidden\" name=\"f-subject\" value=\"Canal de Den\u00fancies\" \/>\n<\/p>\n<p><span class=\"wpcf7-form-control-wrap\" data-name=\"f-fullname\"><input size=\"40\" maxlength=\"400\" class=\"wpcf7-form-control wpcf7-text wpcf7-validates-as-required form-fluid\" aria-required=\"true\" aria-invalid=\"false\" placeholder=\"Nom i cognoms\" value=\"\" type=\"text\" name=\"f-fullname\" \/><\/span>\n<\/p>\n<div class=\"wpcf7-inline-wrapper\">\n\t<p class=\"wpcf7-inline-field\"><span class=\"wpcf7-form-control-wrap\" data-name=\"f-phone\"><input size=\"40\" maxlength=\"400\" class=\"wpcf7-form-control wpcf7-text form-fluid\" aria-invalid=\"false\" placeholder=\"Tel\u00e8fon\" value=\"\" type=\"text\" name=\"f-phone\" \/><\/span>\n\t<\/p>\n\t<p class=\"wpcf7-inline-field\"><span class=\"wpcf7-form-control-wrap\" data-name=\"f-email\"><input size=\"40\" maxlength=\"400\" class=\"wpcf7-form-control wpcf7-email wpcf7-text wpcf7-validates-as-email\" aria-invalid=\"false\" placeholder=\"E-mail\" value=\"\" type=\"email\" name=\"f-email\" \/><\/span>\n\t<\/p>\n<\/div>\n<p><span class=\"wpcf7-form-control-wrap\" data-name=\"f-message\"><textarea cols=\"40\" rows=\"8\" maxlength=\"2000\" class=\"wpcf7-form-control wpcf7-textarea\" aria-invalid=\"false\" placeholder=\"Descripci\u00f3 detallada de la den\u00fancia\" name=\"f-message\"><\/textarea><\/span>\n<\/p>\n<p><span class=\"wpcf7-form-control-wrap\" data-name=\"f-personas\"><textarea cols=\"40\" rows=\"8\" maxlength=\"2000\" class=\"wpcf7-form-control wpcf7-textarea\" aria-invalid=\"false\" placeholder=\"Persones o departaments involucrats (si es coneixen)\" name=\"f-personas\"><\/textarea><\/span>\n<\/p>\n<div class=\"wpcf7-inline-wrapper\">\n\t<p class=\"wpcf7-inline-field\"><span class=\"wpcf7-form-control-wrap\" data-name=\"f-fecha\"><input size=\"40\" maxlength=\"400\" class=\"wpcf7-form-control wpcf7-text form-fluid\" aria-invalid=\"false\" placeholder=\"Data i hora aproximada dels incidents\" value=\"\" type=\"text\" name=\"f-fecha\" \/><\/span>\n\t<\/p>\n\t<p class=\"wpcf7-inline-field\"><span class=\"wpcf7-form-control-wrap\" data-name=\"file-evidencia\"><input size=\"40\" class=\"wpcf7-form-control wpcf7-file\" accept=\".pdf,.word,.doc,.docx\" aria-invalid=\"false\" type=\"file\" name=\"file-evidencia\" \/><\/span>\n\t<\/p>\n<\/div>\n<p><label for=\"f-acepto\"><span class=\"wpcf7-form-control-wrap\" data-name=\"f-acepto\"><span class=\"wpcf7-form-control wpcf7-acceptance\"><span class=\"wpcf7-list-item\"><input type=\"checkbox\" name=\"f-acepto\" value=\"1\" id=\"f-acepto\" aria-invalid=\"false\" \/><\/span><\/span><\/span> He llegit i accepto <\/label><a href=\"\/ca\/politica-de-privacitat\" target=\"_blank\">la pol\u00edtica de privacitat<\/a>.\n<\/p>\n<p><input class=\"wpcf7-form-control wpcf7-submit has-spinner btn btn-accent\" id=\"btnEnviar\" type=\"submit\" value=\"ENVIAR\" \/>\n<\/p><div class=\"wpcf7-response-output\" aria-hidden=\"true\"><\/div>\n<\/form>\n<\/div>\n[\/vc_column][\/vc_row]<\/p>\n<\/div>","protected":false},"excerpt":{"rendered":"<p>[vc_row row_height_percent=&#8221;0&#8243; override_padding=&#8221;yes&#8221; h_padding=&#8221;2&#8243; top_padding=&#8221;3&#8243; bottom_padding=&#8221;3&#8243; back_color=&#8221;color-xsdn&#8221; overlay_alpha=&#8221;50&#8243; gutter_size=&#8221;3&#8243; column_width_percent=&#8221;100&#8243; shift_y=&#8221;0&#8243; z_index=&#8221;0&#8243; uncode_shortcode_id=&#8221;158749&#8243; back_color_type=&#8221;uncode-palette&#8221;][vc_column column_width_percent=&#8221;100&#8243; gutter_size=&#8221;3&#8243; overlay_alpha=&#8221;50&#8243; shift_x=&#8221;0&#8243; shift_y=&#8221;-5&#8243; shift_y_fixed=&#8221;yes&#8221; [&hellip;]<\/p>\n","protected":false},"author":2,"featured_media":0,"parent":0,"menu_order":0,"comment_status":"open","ping_status":"closed","template":"","meta":{"footnotes":""},"folder":[],"class_list":["post-3121","page","type-page","status-publish","hentry"],"yoast_head":"<!-- This site is optimized with the Yoast SEO plugin v27.4 - https:\/\/yoast.com\/product\/yoast-seo-wordpress\/ -->\n<title>Canal de Den\u00fancies - Fundaci\u00f3n Fero<\/title>\n<meta name=\"robots\" content=\"index, follow, max-snippet:-1, max-image-preview:large, max-video-preview:-1\" \/>\n<link rel=\"canonical\" href=\"https:\/\/fero.org\/ca\/canal-de-denuncies\/\" \/>\n<meta property=\"og:locale\" content=\"ca_ES\" \/>\n<meta property=\"og:type\" content=\"article\" \/>\n<meta property=\"og:title\" content=\"Canal de Den\u00fancies - Fundaci\u00f3n Fero\" \/>\n<meta property=\"og:description\" content=\"[vc_row row_height_percent=&#8221;0&#8243; override_padding=&#8221;yes&#8221; h_padding=&#8221;2&#8243; top_padding=&#8221;3&#8243; bottom_padding=&#8221;3&#8243; back_color=&#8221;color-xsdn&#8221; overlay_alpha=&#8221;50&#8243; gutter_size=&#8221;3&#8243; column_width_percent=&#8221;100&#8243; shift_y=&#8221;0&#8243; z_index=&#8221;0&#8243; uncode_shortcode_id=&#8221;158749&#8243; back_color_type=&#8221;uncode-palette&#8221;][vc_column column_width_percent=&#8221;100&#8243; gutter_size=&#8221;3&#8243; overlay_alpha=&#8221;50&#8243; shift_x=&#8221;0&#8243; shift_y=&#8221;-5&#8243; shift_y_fixed=&#8221;yes&#8221; [&hellip;]\" \/>\n<meta property=\"og:url\" content=\"https:\/\/fero.org\/ca\/canal-de-denuncies\/\" \/>\n<meta property=\"og:site_name\" content=\"Fundaci\u00f3n Fero\" \/>\n<meta property=\"article:publisher\" content=\"https:\/\/www.facebook.com\/Fundacion.Fero\/\" \/>\n<meta property=\"article:modified_time\" content=\"2025-03-04T16:19:22+00:00\" \/>\n<meta name=\"twitter:card\" content=\"summary_large_image\" \/>\n<meta name=\"twitter:site\" content=\"@FundacionFero\" \/>\n<meta name=\"twitter:label1\" content=\"Temps estimat de lectura\" \/>\n\t<meta name=\"twitter:data1\" content=\"3 minuts\" \/>\n<script type=\"application\/ld+json\" class=\"yoast-schema-graph\">{\"@context\":\"https:\\\/\\\/schema.org\",\"@graph\":[{\"@type\":\"WebPage\",\"@id\":\"https:\\\/\\\/fero.org\\\/ca\\\/canal-de-denuncies\\\/\",\"url\":\"https:\\\/\\\/fero.org\\\/ca\\\/canal-de-denuncies\\\/\",\"name\":\"Canal de Den\u00fancies - Fundaci\u00f3n Fero\",\"isPartOf\":{\"@id\":\"https:\\\/\\\/fero.org\\\/ca\\\/#website\"},\"datePublished\":\"2023-12-21T11:47:29+00:00\",\"dateModified\":\"2025-03-04T16:19:22+00:00\",\"breadcrumb\":{\"@id\":\"https:\\\/\\\/fero.org\\\/ca\\\/canal-de-denuncies\\\/#breadcrumb\"},\"inLanguage\":\"ca\",\"potentialAction\":[{\"@type\":\"ReadAction\",\"target\":[\"https:\\\/\\\/fero.org\\\/ca\\\/canal-de-denuncies\\\/\"]}]},{\"@type\":\"BreadcrumbList\",\"@id\":\"https:\\\/\\\/fero.org\\\/ca\\\/canal-de-denuncies\\\/#breadcrumb\",\"itemListElement\":[{\"@type\":\"ListItem\",\"position\":1,\"name\":\"Portada\",\"item\":\"https:\\\/\\\/fero.org\\\/ca\\\/\"},{\"@type\":\"ListItem\",\"position\":2,\"name\":\"Canal de Den\u00fancies\"}]},{\"@type\":\"WebSite\",\"@id\":\"https:\\\/\\\/fero.org\\\/ca\\\/#website\",\"url\":\"https:\\\/\\\/fero.org\\\/ca\\\/\",\"name\":\"Fundaci\u00f3n Fero\",\"description\":\"fundaci\u00f3n privada dedicada a la investigaci\u00f3n oncol\u00f3gica\",\"potentialAction\":[{\"@type\":\"SearchAction\",\"target\":{\"@type\":\"EntryPoint\",\"urlTemplate\":\"https:\\\/\\\/fero.org\\\/ca\\\/?s={search_term_string}\"},\"query-input\":{\"@type\":\"PropertyValueSpecification\",\"valueRequired\":true,\"valueName\":\"search_term_string\"}}],\"inLanguage\":\"ca\"}]}<\/script>\n<!-- \/ Yoast SEO plugin. -->","yoast_head_json":{"title":"Canal de Den\u00fancies - Fundaci\u00f3n Fero","robots":{"index":"index","follow":"follow","max-snippet":"max-snippet:-1","max-image-preview":"max-image-preview:large","max-video-preview":"max-video-preview:-1"},"canonical":"https:\/\/fero.org\/ca\/canal-de-denuncies\/","og_locale":"ca_ES","og_type":"article","og_title":"Canal de Den\u00fancies - Fundaci\u00f3n Fero","og_description":"[vc_row row_height_percent=&#8221;0&#8243; override_padding=&#8221;yes&#8221; h_padding=&#8221;2&#8243; top_padding=&#8221;3&#8243; bottom_padding=&#8221;3&#8243; back_color=&#8221;color-xsdn&#8221; overlay_alpha=&#8221;50&#8243; gutter_size=&#8221;3&#8243; column_width_percent=&#8221;100&#8243; shift_y=&#8221;0&#8243; z_index=&#8221;0&#8243; uncode_shortcode_id=&#8221;158749&#8243; back_color_type=&#8221;uncode-palette&#8221;][vc_column column_width_percent=&#8221;100&#8243; gutter_size=&#8221;3&#8243; overlay_alpha=&#8221;50&#8243; shift_x=&#8221;0&#8243; shift_y=&#8221;-5&#8243; shift_y_fixed=&#8221;yes&#8221; [&hellip;]","og_url":"https:\/\/fero.org\/ca\/canal-de-denuncies\/","og_site_name":"Fundaci\u00f3n Fero","article_publisher":"https:\/\/www.facebook.com\/Fundacion.Fero\/","article_modified_time":"2025-03-04T16:19:22+00:00","twitter_card":"summary_large_image","twitter_site":"@FundacionFero","twitter_misc":{"Temps estimat de lectura":"3 minuts"},"schema":{"@context":"https:\/\/schema.org","@graph":[{"@type":"WebPage","@id":"https:\/\/fero.org\/ca\/canal-de-denuncies\/","url":"https:\/\/fero.org\/ca\/canal-de-denuncies\/","name":"Canal de Den\u00fancies - Fundaci\u00f3n Fero","isPartOf":{"@id":"https:\/\/fero.org\/ca\/#website"},"datePublished":"2023-12-21T11:47:29+00:00","dateModified":"2025-03-04T16:19:22+00:00","breadcrumb":{"@id":"https:\/\/fero.org\/ca\/canal-de-denuncies\/#breadcrumb"},"inLanguage":"ca","potentialAction":[{"@type":"ReadAction","target":["https:\/\/fero.org\/ca\/canal-de-denuncies\/"]}]},{"@type":"BreadcrumbList","@id":"https:\/\/fero.org\/ca\/canal-de-denuncies\/#breadcrumb","itemListElement":[{"@type":"ListItem","position":1,"name":"Portada","item":"https:\/\/fero.org\/ca\/"},{"@type":"ListItem","position":2,"name":"Canal de Den\u00fancies"}]},{"@type":"WebSite","@id":"https:\/\/fero.org\/ca\/#website","url":"https:\/\/fero.org\/ca\/","name":"Fundaci\u00f3n Fero","description":"fundaci\u00f3n privada dedicada a la investigaci\u00f3n oncol\u00f3gica","potentialAction":[{"@type":"SearchAction","target":{"@type":"EntryPoint","urlTemplate":"https:\/\/fero.org\/ca\/?s={search_term_string}"},"query-input":{"@type":"PropertyValueSpecification","valueRequired":true,"valueName":"search_term_string"}}],"inLanguage":"ca"}]}},"_links":{"self":[{"href":"https:\/\/fero.org\/ca\/wp-json\/wp\/v2\/pages\/3121","targetHints":{"allow":["GET"]}}],"collection":[{"href":"https:\/\/fero.org\/ca\/wp-json\/wp\/v2\/pages"}],"about":[{"href":"https:\/\/fero.org\/ca\/wp-json\/wp\/v2\/types\/page"}],"author":[{"embeddable":true,"href":"https:\/\/fero.org\/ca\/wp-json\/wp\/v2\/users\/2"}],"replies":[{"embeddable":true,"href":"https:\/\/fero.org\/ca\/wp-json\/wp\/v2\/comments?post=3121"}],"version-history":[{"count":6,"href":"https:\/\/fero.org\/ca\/wp-json\/wp\/v2\/pages\/3121\/revisions"}],"predecessor-version":[{"id":4652,"href":"https:\/\/fero.org\/ca\/wp-json\/wp\/v2\/pages\/3121\/revisions\/4652"}],"wp:attachment":[{"href":"https:\/\/fero.org\/ca\/wp-json\/wp\/v2\/media?parent=3121"}],"wp:term":[{"taxonomy":"folder","embeddable":true,"href":"https:\/\/fero.org\/ca\/wp-json\/wp\/v2\/folder?post=3121"}],"curies":[{"name":"wp","href":"https:\/\/api.w.org\/{rel}","templated":true}]}}