{"id":3111,"date":"2023-12-12T10:32:33","date_gmt":"2023-12-12T09:32:33","guid":{"rendered":"https:\/\/fero.org\/?page_id=3111"},"modified":"2025-05-15T16:53:58","modified_gmt":"2025-05-15T14:53:58","slug":"para-investigadores","status":"publish","type":"page","link":"https:\/\/fero.org\/ca\/per-a-investigadors\/","title":{"rendered":"Per a investigadors"},"content":{"rendered":"<div class=\"wpb-content-wrapper\"><p>[vc_row row_height_percent=&#8221;0&#8243; override_padding=&#8221;yes&#8221; h_padding=&#8221;2&#8243; top_padding=&#8221;7&#8243; bottom_padding=&#8221;5&#8243; back_image=&#8221;1696&#8243; kburns=&#8221;yes&#8221; overlay_color=&#8221;color-jevc&#8221; overlay_alpha=&#8221;50&#8243; gutter_size=&#8221;3&#8243; column_width_percent=&#8221;100&#8243; shift_y=&#8221;0&#8243; z_index=&#8221;0&#8243; auto_height_device=&#8221;yes&#8221; uncode_shortcode_id=&#8221;410886&#8243; overlay_color_type=&#8221;uncode-palette&#8221; row_height_pixel=&#8221;430&#8243;][vc_column column_width_percent=&#8221;100&#8243; position_horizontal=&#8221;right&#8221; position_vertical=&#8221;bottom&#8221; align_horizontal=&#8221;align_right&#8221; gutter_size=&#8221;1&#8243; style=&#8221;dark&#8221; overlay_alpha=&#8221;50&#8243; shift_x=&#8221;0&#8243; shift_y=&#8221;0&#8243; shift_y_down=&#8221;0&#8243; z_index=&#8221;0&#8243; medium_width=&#8221;0&#8243; align_mobile=&#8221;align_left_mobile&#8221; mobile_width=&#8221;0&#8243; width=&#8221;1\/1&#8243; uncode_shortcode_id=&#8221;357549&#8243;][vc_empty_space empty_h=&#8221;2&#8243;][vc_custom_heading heading_semantic=&#8221;h1&#8243; text_size=&#8221;fontsize-fs70&#8243; text_weight=&#8221;100&#8243; text_height=&#8221;fontheight-lh1&#8243; uncode_shortcode_id=&#8221;927705&#8243;]PER A<br \/>\n<strong>INVESTIGADORS<\/strong>[\/vc_custom_heading][vc_row_inner limit_content=&#8221;&#8221;][vc_column_inner column_width_use_pixel=&#8221;yes&#8221; position_horizontal=&#8221;right&#8221; align_horizontal=&#8221;align_right&#8221; gutter_size=&#8221;3&#8243; override_padding=&#8221;yes&#8221; column_padding=&#8221;0&#8243; style=&#8221;dark&#8221; overlay_alpha=&#8221;50&#8243; shift_x=&#8221;0&#8243; shift_y=&#8221;0&#8243; shift_y_down=&#8221;0&#8243; z_index=&#8221;0&#8243; medium_width=&#8221;0&#8243; align_mobile=&#8221;align_left_mobile&#8221; mobile_width=&#8221;0&#8243; width=&#8221;1\/1&#8243; uncode_shortcode_id=&#8221;155036&#8243; column_width_pixel=&#8221;350&#8243;][vc_column_text uncode_shortcode_id=&#8221;163503&#8243;]Apostem per la <strong>recerca translacional i pels joves investigadors.<\/strong>[\/vc_column_text][\/vc_column_inner][\/vc_row_inner][\/vc_column][\/vc_row][vc_row row_height_percent=&#8221;0&#8243; override_padding=&#8221;yes&#8221; h_padding=&#8221;2&#8243; top_padding=&#8221;5&#8243; bottom_padding=&#8221;5&#8243; back_color=&#8221;accent&#8221; overlay_alpha=&#8221;50&#8243; gutter_size=&#8221;3&#8243; column_width_percent=&#8221;100&#8243; shift_y=&#8221;0&#8243; z_index=&#8221;0&#8243; uncode_shortcode_id=&#8221;569648&#8243; back_color_type=&#8221;uncode-palette&#8221; row_name=&#8221;convocatorias-fero&#8221; el_id=&#8221;convocatorias-fero&#8221;][vc_column column_width_percent=&#8221;100&#8243; position_vertical=&#8221;middle&#8221; align_horizontal=&#8221;align_center&#8221; gutter_size=&#8221;0&#8243; overlay_alpha=&#8221;50&#8243; shift_x=&#8221;0&#8243; shift_y=&#8221;0&#8243; shift_y_down=&#8221;0&#8243; z_index=&#8221;0&#8243; medium_width=&#8221;0&#8243; mobile_width=&#8221;0&#8243; width=&#8221;1\/1&#8243; uncode_shortcode_id=&#8221;183881&#8243;][vc_row_inner row_inner_height_percent=&#8221;0&#8243; back_color=&#8221;color-xsdn&#8221; overlay_alpha=&#8221;50&#8243; gutter_size=&#8221;3&#8243; shift_y=&#8221;0&#8243; z_index=&#8221;0&#8243; uncode_shortcode_id=&#8221;185289&#8243; back_color_type=&#8221;uncode-palette&#8221; limit_content=&#8221;&#8221;][vc_column_inner column_width_use_pixel=&#8221;yes&#8221; align_horizontal=&#8221;align_center&#8221; gutter_size=&#8221;0&#8243; override_padding=&#8221;yes&#8221; column_padding=&#8221;3&#8243; overlay_alpha=&#8221;50&#8243; shift_x=&#8221;0&#8243; shift_y=&#8221;0&#8243; shift_y_down=&#8221;0&#8243; z_index=&#8221;0&#8243; medium_width=&#8221;0&#8243; mobile_width=&#8221;0&#8243; width=&#8221;1\/1&#8243; uncode_shortcode_id=&#8221;338599&#8243; column_width_pixel=&#8221;768&#8243;][vc_custom_heading text_color=&#8221;color-grey5&#8243; text_size=&#8221;fontsize-fs70&#8243; text_weight=&#8221;100&#8243; text_transform=&#8221;uppercase&#8221; uncode_shortcode_id=&#8221;124287&#8243; text_color_type=&#8221;uncode-palette&#8221;]CONVOCAT\u00d2RIES <b class=\"text-accent-color\">FERO<\/b>[\/vc_custom_heading][vc_custom_heading text_color=&#8221;accent&#8221; text_size=&#8221;h3&#8243; text_weight=&#8221;800&#8243; text_transform=&#8221;uppercase&#8221; uncode_shortcode_id=&#8221;108637&#8243; text_color_type=&#8221;uncode-palette&#8221;]PER A INVESTIGADORS[\/vc_custom_heading][vc_empty_space empty_h=&#8221;1&#8243;][vc_column_text uncode_shortcode_id=&#8221;586283&#8243;]<strong>Oferim ajudes a joves investigadors mitjan\u00e7ant les Convocat\u00f2ries FERO i financem projectes de recerca translacional prometedors<\/strong> amb l&#8217;objectiu de fomentar el talent jove i accelerar la recerca oncol\u00f2gica al nostre pa\u00eds. En marxa des de 2009, s&#8217;han destinat m\u00e9s de 4 M\u20ac per a promoure el talent jove.[\/vc_column_text][\/vc_column_inner][\/vc_row_inner][vc_single_image media=&#8221;1717&#8243; media_width_percent=&#8221;100&#8243; uncode_shortcode_id=&#8221;130083&#8243;][vc_row_inner row_inner_height_percent=&#8221;0&#8243; back_color=&#8221;color-xsdn&#8221; overlay_alpha=&#8221;50&#8243; gutter_size=&#8221;3&#8243; shift_y=&#8221;0&#8243; z_index=&#8221;0&#8243; uncode_shortcode_id=&#8221;185289&#8243; back_color_type=&#8221;uncode-palette&#8221; limit_content=&#8221;&#8221;][vc_column_inner column_width_percent=&#8221;100&#8243; align_horizontal=&#8221;align_center&#8221; gutter_size=&#8221;3&#8243; overlay_alpha=&#8221;50&#8243; shift_x=&#8221;0&#8243; shift_y=&#8221;0&#8243; shift_y_down=&#8221;0&#8243; z_index=&#8221;0&#8243; medium_width=&#8221;0&#8243; mobile_width=&#8221;0&#8243; css_animation=&#8221;alpha-anim&#8221; width=&#8221;1\/1&#8243; uncode_shortcode_id=&#8221;127186&#8243;][vc_empty_space empty_h=&#8221;2&#8243; mobile_visibility=&#8221;yes&#8221;][vc_separator sep_color=&#8221;color-grey4&#8243; uncode_shortcode_id=&#8221;432608&#8243; sep_color_type=&#8221;uncode-palette&#8221; el_width=&#8221;92%&#8221;][vc_empty_space empty_h=&#8221;2&#8243; mobile_visibility=&#8221;yes&#8221;][\/vc_column_inner][\/vc_row_inner][vc_row_inner row_inner_height_percent=&#8221;0&#8243; back_color=&#8221;color-xsdn&#8221; overlay_alpha=&#8221;50&#8243; gutter_size=&#8221;3&#8243; shift_y=&#8221;0&#8243; z_index=&#8221;0&#8243; uncode_shortcode_id=&#8221;203676&#8243; back_color_type=&#8221;uncode-palette&#8221; limit_content=&#8221;&#8221;][vc_column_inner column_width_use_pixel=&#8221;yes&#8221; align_horizontal=&#8221;align_center&#8221; gutter_size=&#8221;3&#8243; override_padding=&#8221;yes&#8221; column_padding=&#8221;2&#8243; overlay_alpha=&#8221;50&#8243; shift_x=&#8221;0&#8243; shift_y=&#8221;0&#8243; shift_y_down=&#8221;0&#8243; z_index=&#8221;0&#8243; medium_width=&#8221;0&#8243; align_mobile=&#8221;align_center_mobile&#8221; mobile_width=&#8221;0&#8243; css_animation=&#8221;alpha-anim&#8221; width=&#8221;1\/1&#8243; uncode_shortcode_id=&#8221;131367&#8243; column_width_pixel=&#8221;920&#8243;][vc_custom_heading heading_semantic=&#8221;h3&#8243; text_size=&#8221;h4&#8243; text_weight=&#8221;800&#8243; text_transform=&#8221;uppercase&#8221; text_height=&#8221;fontheight-lh1&#8243; uncode_shortcode_id=&#8221;159929&#8243;]Propera convocat\u00f2ria de la <span class=\"text-accent-color\">XXXI Beca FERO per a joves investigadors &#8211; maig de 2025<\/span>[\/vc_custom_heading][vc_column_text uncode_shortcode_id=&#8221;133852&#8243;]Per a m\u00e9s informaci\u00f3, pots posar-te en contacte amb nosaltres mitjan\u00e7ant aquest correu electr\u00f2nic: <a href=\"mailto:beca@fero.org\">beca@fero.org<\/a>[\/vc_column_text][\/vc_column_inner][\/vc_row_inner][vc_row_inner row_inner_height_percent=&#8221;0&#8243; back_color=&#8221;color-xsdn&#8221; overlay_alpha=&#8221;50&#8243; equal_height=&#8221;yes&#8221; gutter_size=&#8221;3&#8243; shift_y=&#8221;0&#8243; z_index=&#8221;0&#8243; desktop_visibility=&#8221;yes&#8221; medium_visibility=&#8221;yes&#8221; mobile_visibility=&#8221;yes&#8221; uncode_shortcode_id=&#8221;814379&#8243; back_color_type=&#8221;uncode-palette&#8221; el_class=&#8221;maxW1040Less&#8221; limit_content=&#8221;&#8221;][vc_column_inner column_width_percent=&#8221;100&#8243; gutter_size=&#8221;3&#8243; override_padding=&#8221;yes&#8221; column_padding=&#8221;2&#8243; overlay_alpha=&#8221;50&#8243; shift_x=&#8221;0&#8243; shift_y=&#8221;0&#8243; shift_y_down=&#8221;0&#8243; z_index=&#8221;0&#8243; medium_width=&#8221;0&#8243; align_mobile=&#8221;align_center_mobile&#8221; mobile_width=&#8221;0&#8243; css_animation=&#8221;alpha-anim&#8221; width=&#8221;2\/3&#8243; uncode_shortcode_id=&#8221;110573&#8243;][vc_custom_heading heading_semantic=&#8221;h3&#8243; text_size=&#8221;h4&#8243; text_weight=&#8221;800&#8243; text_transform=&#8221;uppercase&#8221; text_height=&#8221;fontheight-lh1&#8243; uncode_shortcode_id=&#8221;469911&#8243;]Convocat\u00f2ria oberta: IV Beca FERO Dr. Baselga[\/vc_custom_heading][vc_column_text uncode_shortcode_id=&#8221;114583&#8243;]La convocat\u00f2ria estar\u00e0 oberta fins al 24 de abril a les 17:00. Les propostes s\u2019han d\u2019enviar a trav\u00e9s de la <a href=\"https:\/\/fero.eu-1.smartsimple.eu\/s_Login.jsp?lang=21&amp;prole=0\">plataforma de gesti\u00f3<\/a> de convocat\u00f2ries. Descarrega\u2019t aqu\u00ed les bases, el formulari de la primera fase i el CV en format FERO.<\/p>\n<p>Totes les organitzacions cient\u00edfiques i l\u00edders de projecte s\u2019hauran de <a href=\"https:\/\/fero.eu-1.smartsimple.eu\/ex\/ex_routing.jsp?token=HwoNRxodYQ%3D%3D&amp;lang=21\">registrar<\/a> i ser verificats a la plataforma per poder dur a terme l\u2019enviament de la proposta. Recomanem fer-ho com m\u00e9s aviat millor per assegurar que la proposta es pugui enviar abans de la data l\u00edmit.<br \/>\nPer a m\u00e9s informaci\u00f3, pots posar-te en contacte amb nosaltres mitjan\u00e7ant aquest correu electr\u00f2nic: <a href=\"mailto:beca@fero.org\">beca@fero.org<\/a>[\/vc_column_text][\/vc_column_inner][vc_column_inner column_width_percent=&#8221;100&#8243; position_vertical=&#8221;middle&#8221; gutter_size=&#8221;3&#8243; overlay_alpha=&#8221;50&#8243; shift_x=&#8221;0&#8243; shift_y=&#8221;0&#8243; shift_y_down=&#8221;0&#8243; z_index=&#8221;0&#8243; medium_width=&#8221;0&#8243; mobile_width=&#8221;0&#8243; width=&#8221;1\/3&#8243; uncode_shortcode_id=&#8221;109385&#8243;][vc_single_image media=&#8221;1465&#8243; media_width_percent=&#8221;100&#8243; uncode_shortcode_id=&#8221;500832&#8243;][\/vc_column_inner][\/vc_row_inner][vc_row_inner row_inner_height_percent=&#8221;0&#8243; back_color=&#8221;color-xsdn&#8221; overlay_alpha=&#8221;50&#8243; gutter_size=&#8221;3&#8243; shift_y=&#8221;0&#8243; z_index=&#8221;0&#8243; desktop_visibility=&#8221;yes&#8221; medium_visibility=&#8221;yes&#8221; mobile_visibility=&#8221;yes&#8221; inverted_device_order=&#8221;yes&#8221; uncode_shortcode_id=&#8221;306777&#8243; back_color_type=&#8221;uncode-palette&#8221; el_class=&#8221;maxW1040&#8243; limit_content=&#8221;&#8221;][vc_column_inner column_width_percent=&#8221;100&#8243; gutter_size=&#8221;2&#8243; overlay_alpha=&#8221;50&#8243; shift_x=&#8221;0&#8243; shift_y=&#8221;0&#8243; shift_y_down=&#8221;0&#8243; z_index=&#8221;0&#8243; medium_width=&#8221;0&#8243; mobile_width=&#8221;0&#8243; width=&#8221;1\/1&#8243; uncode_shortcode_id=&#8221;130800&#8243;][vc_button button_color=&#8221;color-grey4&#8243; radius=&#8221;btn-circle&#8221; hover_fx=&#8221;full-colored&#8221; border_width=&#8221;0&#8243; scale_mobile=&#8221;no&#8221; link=&#8221;url:https%3A%2F%2Ffero.org%2Fwp-content%2Fuploads%2F2024%2F01%2FCV-Fundacion-FERO2024.docx|title:Descargar%20Modelo%20CV%20Becas%20FERO|target:_blank&#8221; uncode_shortcode_id=&#8221;918164&#8243; el_class=&#8221;btnToGreen&#8221; button_color_type=&#8221;uncode-palette&#8221; icon=&#8221;fa fa-download&#8221;]Model CV Beques FERO[\/vc_button][vc_button button_color=&#8221;color-grey4&#8243; radius=&#8221;btn-circle&#8221; hover_fx=&#8221;full-colored&#8221; border_width=&#8221;0&#8243; scale_mobile=&#8221;no&#8221; link=&#8221;url:https%3A%2F%2Ffero.org%2Fwp-content%2Fuploads%2F2024%2F01%2FBases-XXVI-Beca-FERO-2024.pdf|title:Descargar%20Bases%20XXVI%20Beca%20FERO%202024|target:_blank&#8221; uncode_shortcode_id=&#8221;131212&#8243; el_class=&#8221;btnToGreen&#8221; button_color_type=&#8221;uncode-palette&#8221; icon=&#8221;fa fa-download&#8221;]Bases XXVI Beca FERO 2024[\/vc_button][vc_button button_color=&#8221;color-grey4&#8243; radius=&#8221;btn-circle&#8221; hover_fx=&#8221;full-colored&#8221; border_width=&#8221;0&#8243; scale_mobile=&#8221;no&#8221; link=&#8221;url:https%3A%2F%2Ffero.org%2Fwp-content%2Fuploads%2F2024%2F01%2FBases-VI-Proyecto-FERO-MANGO-2024.pdf|title:Bases%20VI%20Proyecto%20FERO-MANGO%202024|target:_blank&#8221; uncode_shortcode_id=&#8221;533944&#8243; el_class=&#8221;btnToGreen&#8221; button_color_type=&#8221;uncode-palette&#8221; icon=&#8221;fa fa-download&#8221;]Bases VI Projecte FERO-MANGO 2024[\/vc_button][vc_button button_color=&#8221;color-grey4&#8243; radius=&#8221;btn-circle&#8221; hover_fx=&#8221;full-colored&#8221; border_width=&#8221;0&#8243; scale_mobile=&#8221;no&#8221; link=&#8221;url:https%3A%2F%2Ffero.org%2Fwp-content%2Fuploads%2F2024%2F01%2FFormulario-fase-1-XXVI-Beca-FERO-2024.docx|title:Descargar%20Formulario%20fase%201%20XXVI%20Beca%20FERO%202024|target:_blank&#8221; uncode_shortcode_id=&#8221;201041&#8243; el_class=&#8221;btnToGreen&#8221; button_color_type=&#8221;uncode-palette&#8221; icon=&#8221;fa fa-download&#8221;]Formulari fase 1 XXVI Beca FERO 2024[\/vc_button][vc_button button_color=&#8221;color-grey4&#8243; radius=&#8221;btn-circle&#8221; hover_fx=&#8221;full-colored&#8221; border_width=&#8221;0&#8243; scale_mobile=&#8221;no&#8221; link=&#8221;url:https%3A%2F%2Ffero.org%2Fwp-content%2Fuploads%2F2024%2F01%2FFormulario-fase-1-VI-Proyecto-FERO-MANGO-cancer-de-mama-2024.docx|title:Descargar%20Formulario%20fase%201%20VI%20Proyecto%20FERO-MANGO%20c%C3%A1ncer%20de%20mama%202024|target:_blank&#8221; uncode_shortcode_id=&#8221;171101&#8243; el_class=&#8221;btnToGreen&#8221; button_color_type=&#8221;uncode-palette&#8221; icon=&#8221;fa fa-download&#8221;]Formulari fase 1 VI Projecte FERO-MANGO c\u00e0ncer de mama 2024[\/vc_button][\/vc_column_inner][\/vc_row_inner][vc_row_inner row_inner_height_percent=&#8221;0&#8243; back_color=&#8221;color-xsdn&#8221; overlay_alpha=&#8221;50&#8243; gutter_size=&#8221;3&#8243; shift_y=&#8221;0&#8243; z_index=&#8221;0&#8243; uncode_shortcode_id=&#8221;185289&#8243; back_color_type=&#8221;uncode-palette&#8221; limit_content=&#8221;&#8221;][vc_column_inner column_width_percent=&#8221;100&#8243; align_horizontal=&#8221;align_center&#8221; gutter_size=&#8221;3&#8243; overlay_alpha=&#8221;50&#8243; shift_x=&#8221;0&#8243; shift_y=&#8221;0&#8243; shift_y_down=&#8221;0&#8243; z_index=&#8221;0&#8243; medium_width=&#8221;0&#8243; mobile_width=&#8221;0&#8243; css_animation=&#8221;alpha-anim&#8221; width=&#8221;1\/1&#8243; uncode_shortcode_id=&#8221;210055&#8243;][vc_empty_space empty_h=&#8221;1&#8243; mobile_visibility=&#8221;yes&#8221;][vc_separator sep_color=&#8221;color-grey4&#8243; uncode_shortcode_id=&#8221;366776&#8243; sep_color_type=&#8221;uncode-palette&#8221; el_width=&#8221;92%&#8221;][\/vc_column_inner][\/vc_row_inner][vc_row_inner row_inner_height_percent=&#8221;0&#8243; back_color=&#8221;color-xsdn&#8221; overlay_alpha=&#8221;50&#8243; gutter_size=&#8221;3&#8243; shift_y=&#8221;0&#8243; z_index=&#8221;0&#8243; uncode_shortcode_id=&#8221;171612&#8243; back_color_type=&#8221;uncode-palette&#8221; el_id=&#8221;acordeonGanadores&#8221; limit_content=&#8221;&#8221;][vc_column_inner column_width_percent=&#8221;100&#8243; gutter_size=&#8221;0&#8243; override_padding=&#8221;yes&#8221; column_padding=&#8221;3&#8243; overlay_alpha=&#8221;50&#8243; shift_x=&#8221;0&#8243; shift_y=&#8221;0&#8243; shift_y_down=&#8221;0&#8243; z_index=&#8221;0&#8243; medium_width=&#8221;0&#8243; align_mobile=&#8221;align_left_mobile&#8221; mobile_width=&#8221;0&#8243; width=&#8221;1\/1&#8243; uncode_shortcode_id=&#8221;103236&#8243;][uncode_block id=&#8221;2919&#8243; inside_column=&#8221;yes&#8221;][\/vc_column_inner][\/vc_row_inner][vc_row_inner row_inner_height_percent=&#8221;0&#8243; back_color=&#8221;color-xsdn&#8221; overlay_alpha=&#8221;50&#8243; gutter_size=&#8221;3&#8243; shift_y=&#8221;0&#8243; z_index=&#8221;0&#8243; desktop_visibility=&#8221;yes&#8221; medium_visibility=&#8221;yes&#8221; mobile_visibility=&#8221;yes&#8221; inverted_device_order=&#8221;yes&#8221; uncode_shortcode_id=&#8221;561112&#8243; back_color_type=&#8221;uncode-palette&#8221; limit_content=&#8221;&#8221;][vc_column_inner column_width_percent=&#8221;100&#8243; align_horizontal=&#8221;align_center&#8221; gutter_size=&#8221;3&#8243; override_padding=&#8221;yes&#8221; column_padding=&#8221;0&#8243; overlay_alpha=&#8221;50&#8243; shift_x=&#8221;0&#8243; shift_y=&#8221;0&#8243; shift_y_down=&#8221;0&#8243; z_index=&#8221;0&#8243; medium_width=&#8221;0&#8243; mobile_width=&#8221;0&#8243; width=&#8221;1\/1&#8243; uncode_shortcode_id=&#8221;712806&#8243;][uncode_index el_id=&#8221;index-869277&#8211;&#8221; index_type=&#8221;carousel&#8221; loop=&#8221;size:10|order_by:date|order:DESC|post_type:post|by_id:468,1239,1401|taxonomy_count:10&#8243; index_back_color=&#8221;color-xsdn&#8221; carousel_lg=&#8221;1&#8243; carousel_md=&#8221;1&#8243; carousel_sm=&#8221;1&#8243; gutter_size=&#8221;3&#8243; post_items=&#8221;media|featured|onpost|original,title&#8221; projects_items=&#8221;title,text|excerpt,media|featured|onpost|original,icon|md&#8221; becas_items=&#8221;media|featured|onpost|original,title,text|excerpt,icon|md&#8221; carousel_height=&#8221;equal&#8221; carousel_type=&#8221;fade&#8221; carousel_interval=&#8221;5000&#8243; carousel_navspeed=&#8221;400&#8243; carousel_nav=&#8221;yes&#8221; carousel_nav_mobile=&#8221;yes&#8221; stage_padding=&#8221;0&#8243; single_text=&#8221;lateral&#8221; single_image_size=&#8221;9&#8243; single_overlay_color=&#8221;color-jevc&#8221; single_overlay_opacity=&#8221;30&#8243; single_image_magnetic=&#8221;yes&#8221; single_h_align_mobile=&#8221;left&#8221; single_vertical_text=&#8221;middle&#8221; single_padding=&#8221;4&#8243; single_title_dimension=&#8221;h4&#8243; single_title_weight=&#8221;800&#8243; single_title_transform=&#8221;uppercase&#8221; single_border=&#8221;yes&#8221; single_animation_first=&#8221;yes&#8221; no_double_tap=&#8221;yes&#8221; uncode_shortcode_id=&#8221;201561&#8243; el_class=&#8221;becasSlide&#8221; single_icon=&#8221;fa fa-plus2&#8243; index_back_color_type=&#8221;uncode-palette&#8221; items=&#8221;eyI0NjhfaSI6eyJzaW5nbGVfbGF5b3V0X3Bvc3RfaXRlbXMiOiJtZWRpYXxjdXN0b218b25wb3N0fG9yaWdpbmFsLHRpdGxlIiwiYmFja19pbWFnZSI6IjE2MDQifSwiMTIzOV9pIjp7InNpbmdsZV9sYXlvdXRfcG9zdF9pdGVtcyI6Im1lZGlhfGN1c3RvbXxvbnBvc3R8b3JpZ2luYWwsdGl0bGUiLCJiYWNrX2ltYWdlIjoiMTYwNSJ9LCIxNDAxX2kiOnsic2luZ2xlX2xheW91dF9wb3N0X2l0ZW1zIjoibWVkaWF8Y3VzdG9tfG9ucG9zdHxvcmlnaW5hbCx0aXRsZSIsImJhY2tfaW1hZ2UiOiIxNjA2In19&#8243;][\/vc_column_inner][\/vc_row_inner][\/vc_column][\/vc_row]<\/p>\n<\/div>","protected":false},"excerpt":{"rendered":"<p>[vc_row row_height_percent=&#8221;0&#8243; override_padding=&#8221;yes&#8221; h_padding=&#8221;2&#8243; top_padding=&#8221;7&#8243; bottom_padding=&#8221;5&#8243; back_image=&#8221;1696&#8243; kburns=&#8221;yes&#8221; overlay_color=&#8221;color-jevc&#8221; overlay_alpha=&#8221;50&#8243; gutter_size=&#8221;3&#8243; column_width_percent=&#8221;100&#8243; shift_y=&#8221;0&#8243; z_index=&#8221;0&#8243; auto_height_device=&#8221;yes&#8221; uncode_shortcode_id=&#8221;410886&#8243; overlay_color_type=&#8221;uncode-palette&#8221; row_height_pixel=&#8221;430&#8243;][vc_column column_width_percent=&#8221;100&#8243; position_horizontal=&#8221;right&#8221; [&hellip;]<\/p>\n","protected":false},"author":2,"featured_media":0,"parent":0,"menu_order":0,"comment_status":"closed","ping_status":"closed","template":"","meta":{"footnotes":""},"folder":[],"class_list":["post-3111","page","type-page","status-publish","hentry"],"yoast_head":"<!-- This site is optimized with the Yoast SEO plugin v27.4 - https:\/\/yoast.com\/product\/yoast-seo-wordpress\/ -->\n<title>Per a investigadors - Fundaci\u00f3n Fero<\/title>\n<meta name=\"robots\" content=\"index, follow, max-snippet:-1, max-image-preview:large, max-video-preview:-1\" \/>\n<link rel=\"canonical\" href=\"https:\/\/fero.org\/ca\/per-a-investigadors\/\" \/>\n<meta property=\"og:locale\" content=\"ca_ES\" \/>\n<meta property=\"og:type\" content=\"article\" \/>\n<meta property=\"og:title\" content=\"Per a investigadors - Fundaci\u00f3n Fero\" \/>\n<meta property=\"og:description\" content=\"[vc_row row_height_percent=&#8221;0&#8243; override_padding=&#8221;yes&#8221; h_padding=&#8221;2&#8243; top_padding=&#8221;7&#8243; bottom_padding=&#8221;5&#8243; back_image=&#8221;1696&#8243; kburns=&#8221;yes&#8221; overlay_color=&#8221;color-jevc&#8221; overlay_alpha=&#8221;50&#8243; gutter_size=&#8221;3&#8243; column_width_percent=&#8221;100&#8243; shift_y=&#8221;0&#8243; z_index=&#8221;0&#8243; auto_height_device=&#8221;yes&#8221; uncode_shortcode_id=&#8221;410886&#8243; overlay_color_type=&#8221;uncode-palette&#8221; row_height_pixel=&#8221;430&#8243;][vc_column column_width_percent=&#8221;100&#8243; position_horizontal=&#8221;right&#8221; [&hellip;]\" \/>\n<meta property=\"og:url\" content=\"https:\/\/fero.org\/ca\/per-a-investigadors\/\" \/>\n<meta property=\"og:site_name\" content=\"Fundaci\u00f3n Fero\" \/>\n<meta property=\"article:publisher\" content=\"https:\/\/www.facebook.com\/Fundacion.Fero\/\" \/>\n<meta property=\"article:modified_time\" content=\"2025-05-15T14:53:58+00:00\" \/>\n<meta name=\"twitter:card\" content=\"summary_large_image\" \/>\n<meta name=\"twitter:site\" content=\"@FundacionFero\" \/>\n<meta name=\"twitter:label1\" content=\"Temps estimat de lectura\" \/>\n\t<meta name=\"twitter:data1\" content=\"4 minuts\" \/>\n<script type=\"application\/ld+json\" class=\"yoast-schema-graph\">{\"@context\":\"https:\\\/\\\/schema.org\",\"@graph\":[{\"@type\":\"WebPage\",\"@id\":\"https:\\\/\\\/fero.org\\\/ca\\\/per-a-investigadors\\\/\",\"url\":\"https:\\\/\\\/fero.org\\\/ca\\\/per-a-investigadors\\\/\",\"name\":\"Per a investigadors - Fundaci\u00f3n Fero\",\"isPartOf\":{\"@id\":\"https:\\\/\\\/fero.org\\\/ca\\\/#website\"},\"datePublished\":\"2023-12-12T09:32:33+00:00\",\"dateModified\":\"2025-05-15T14:53:58+00:00\",\"breadcrumb\":{\"@id\":\"https:\\\/\\\/fero.org\\\/ca\\\/per-a-investigadors\\\/#breadcrumb\"},\"inLanguage\":\"ca\",\"potentialAction\":[{\"@type\":\"ReadAction\",\"target\":[\"https:\\\/\\\/fero.org\\\/ca\\\/per-a-investigadors\\\/\"]}]},{\"@type\":\"BreadcrumbList\",\"@id\":\"https:\\\/\\\/fero.org\\\/ca\\\/per-a-investigadors\\\/#breadcrumb\",\"itemListElement\":[{\"@type\":\"ListItem\",\"position\":1,\"name\":\"Portada\",\"item\":\"https:\\\/\\\/fero.org\\\/ca\\\/\"},{\"@type\":\"ListItem\",\"position\":2,\"name\":\"Per a investigadors\"}]},{\"@type\":\"WebSite\",\"@id\":\"https:\\\/\\\/fero.org\\\/ca\\\/#website\",\"url\":\"https:\\\/\\\/fero.org\\\/ca\\\/\",\"name\":\"Fundaci\u00f3n Fero\",\"description\":\"fundaci\u00f3n privada dedicada a la investigaci\u00f3n oncol\u00f3gica\",\"potentialAction\":[{\"@type\":\"SearchAction\",\"target\":{\"@type\":\"EntryPoint\",\"urlTemplate\":\"https:\\\/\\\/fero.org\\\/ca\\\/?s={search_term_string}\"},\"query-input\":{\"@type\":\"PropertyValueSpecification\",\"valueRequired\":true,\"valueName\":\"search_term_string\"}}],\"inLanguage\":\"ca\"}]}<\/script>\n<!-- \/ Yoast SEO plugin. -->","yoast_head_json":{"title":"Per a investigadors - Fundaci\u00f3n Fero","robots":{"index":"index","follow":"follow","max-snippet":"max-snippet:-1","max-image-preview":"max-image-preview:large","max-video-preview":"max-video-preview:-1"},"canonical":"https:\/\/fero.org\/ca\/per-a-investigadors\/","og_locale":"ca_ES","og_type":"article","og_title":"Per a investigadors - Fundaci\u00f3n Fero","og_description":"[vc_row row_height_percent=&#8221;0&#8243; override_padding=&#8221;yes&#8221; h_padding=&#8221;2&#8243; top_padding=&#8221;7&#8243; bottom_padding=&#8221;5&#8243; back_image=&#8221;1696&#8243; kburns=&#8221;yes&#8221; overlay_color=&#8221;color-jevc&#8221; overlay_alpha=&#8221;50&#8243; gutter_size=&#8221;3&#8243; column_width_percent=&#8221;100&#8243; shift_y=&#8221;0&#8243; z_index=&#8221;0&#8243; auto_height_device=&#8221;yes&#8221; uncode_shortcode_id=&#8221;410886&#8243; overlay_color_type=&#8221;uncode-palette&#8221; row_height_pixel=&#8221;430&#8243;][vc_column column_width_percent=&#8221;100&#8243; position_horizontal=&#8221;right&#8221; [&hellip;]","og_url":"https:\/\/fero.org\/ca\/per-a-investigadors\/","og_site_name":"Fundaci\u00f3n Fero","article_publisher":"https:\/\/www.facebook.com\/Fundacion.Fero\/","article_modified_time":"2025-05-15T14:53:58+00:00","twitter_card":"summary_large_image","twitter_site":"@FundacionFero","twitter_misc":{"Temps estimat de lectura":"4 minuts"},"schema":{"@context":"https:\/\/schema.org","@graph":[{"@type":"WebPage","@id":"https:\/\/fero.org\/ca\/per-a-investigadors\/","url":"https:\/\/fero.org\/ca\/per-a-investigadors\/","name":"Per a investigadors - Fundaci\u00f3n Fero","isPartOf":{"@id":"https:\/\/fero.org\/ca\/#website"},"datePublished":"2023-12-12T09:32:33+00:00","dateModified":"2025-05-15T14:53:58+00:00","breadcrumb":{"@id":"https:\/\/fero.org\/ca\/per-a-investigadors\/#breadcrumb"},"inLanguage":"ca","potentialAction":[{"@type":"ReadAction","target":["https:\/\/fero.org\/ca\/per-a-investigadors\/"]}]},{"@type":"BreadcrumbList","@id":"https:\/\/fero.org\/ca\/per-a-investigadors\/#breadcrumb","itemListElement":[{"@type":"ListItem","position":1,"name":"Portada","item":"https:\/\/fero.org\/ca\/"},{"@type":"ListItem","position":2,"name":"Per a investigadors"}]},{"@type":"WebSite","@id":"https:\/\/fero.org\/ca\/#website","url":"https:\/\/fero.org\/ca\/","name":"Fundaci\u00f3n Fero","description":"fundaci\u00f3n privada dedicada a la investigaci\u00f3n oncol\u00f3gica","potentialAction":[{"@type":"SearchAction","target":{"@type":"EntryPoint","urlTemplate":"https:\/\/fero.org\/ca\/?s={search_term_string}"},"query-input":{"@type":"PropertyValueSpecification","valueRequired":true,"valueName":"search_term_string"}}],"inLanguage":"ca"}]}},"_links":{"self":[{"href":"https:\/\/fero.org\/ca\/wp-json\/wp\/v2\/pages\/3111","targetHints":{"allow":["GET"]}}],"collection":[{"href":"https:\/\/fero.org\/ca\/wp-json\/wp\/v2\/pages"}],"about":[{"href":"https:\/\/fero.org\/ca\/wp-json\/wp\/v2\/types\/page"}],"author":[{"embeddable":true,"href":"https:\/\/fero.org\/ca\/wp-json\/wp\/v2\/users\/2"}],"replies":[{"embeddable":true,"href":"https:\/\/fero.org\/ca\/wp-json\/wp\/v2\/comments?post=3111"}],"version-history":[{"count":5,"href":"https:\/\/fero.org\/ca\/wp-json\/wp\/v2\/pages\/3111\/revisions"}],"predecessor-version":[{"id":5320,"href":"https:\/\/fero.org\/ca\/wp-json\/wp\/v2\/pages\/3111\/revisions\/5320"}],"wp:attachment":[{"href":"https:\/\/fero.org\/ca\/wp-json\/wp\/v2\/media?parent=3111"}],"wp:term":[{"taxonomy":"folder","embeddable":true,"href":"https:\/\/fero.org\/ca\/wp-json\/wp\/v2\/folder?post=3111"}],"curies":[{"name":"wp","href":"https:\/\/api.w.org\/{rel}","templated":true}]}}