{"id":3107,"date":"2023-10-16T11:40:10","date_gmt":"2023-10-16T09:40:10","guid":{"rendered":"https:\/\/fero.org\/?page_id=3107"},"modified":"2024-02-27T13:40:44","modified_gmt":"2024-02-27T12:40:44","slug":"contacta","status":"publish","type":"page","link":"https:\/\/fero.org\/ca\/contacta\/","title":{"rendered":"Contacta"},"content":{"rendered":"<div class=\"wpb-content-wrapper\"><p>[vc_row row_height_percent=&#8221;0&#8243; override_padding=&#8221;yes&#8221; h_padding=&#8221;2&#8243; top_padding=&#8221;7&#8243; bottom_padding=&#8221;5&#8243; back_image=&#8221;1031&#8243; kburns=&#8221;yes&#8221; overlay_color=&#8221;color-jevc&#8221; overlay_alpha=&#8221;50&#8243; gutter_size=&#8221;3&#8243; column_width_percent=&#8221;100&#8243; shift_y=&#8221;0&#8243; z_index=&#8221;0&#8243; auto_height_device=&#8221;yes&#8221; uncode_shortcode_id=&#8221;919239&#8243; overlay_color_type=&#8221;uncode-palette&#8221; row_height_pixel=&#8221;150&#8243;][vc_column column_width_percent=&#8221;100&#8243; position_horizontal=&#8221;right&#8221; position_vertical=&#8221;bottom&#8221; align_horizontal=&#8221;align_center&#8221; gutter_size=&#8221;1&#8243; style=&#8221;dark&#8221; overlay_alpha=&#8221;50&#8243; shift_x=&#8221;0&#8243; shift_y=&#8221;0&#8243; shift_y_down=&#8221;0&#8243; z_index=&#8221;0&#8243; medium_width=&#8221;0&#8243; align_mobile=&#8221;align_center_mobile&#8221; mobile_width=&#8221;0&#8243; width=&#8221;1\/1&#8243; uncode_shortcode_id=&#8221;305560&#8243;][vc_empty_space empty_h=&#8221;2&#8243; mobile_visibility=&#8221;yes&#8221;][vc_custom_heading heading_semantic=&#8221;h1&#8243; text_size=&#8221;fontsize-fs90&#8243; text_weight=&#8221;800&#8243; text_height=&#8221;fontheight-lh1&#8243; uncode_shortcode_id=&#8221;160473&#8243;]CONTACTA[\/vc_custom_heading][vc_empty_space empty_h=&#8221;3&#8243; mobile_visibility=&#8221;yes&#8221;][vc_empty_space empty_h=&#8221;4&#8243; desktop_visibility=&#8221;yes&#8221; medium_visibility=&#8221;yes&#8221;][\/vc_column][\/vc_row][vc_row row_height_percent=&#8221;0&#8243; override_padding=&#8221;yes&#8221; h_padding=&#8221;2&#8243; top_padding=&#8221;2&#8243; bottom_padding=&#8221;0&#8243; back_color=&#8221;color-grey1&#8243; overlay_alpha=&#8221;50&#8243; gutter_size=&#8221;3&#8243; column_width_percent=&#8221;100&#8243; shift_y=&#8221;0&#8243; z_index=&#8221;0&#8243; uncode_shortcode_id=&#8221;173408&#8243; back_color_type=&#8221;uncode-palette&#8221;][vc_column column_width_use_pixel=&#8221;yes&#8221; gutter_size=&#8221;3&#8243; override_padding=&#8221;yes&#8221; column_padding=&#8221;4&#8243; back_color=&#8221;color-xsdn&#8221; overlay_alpha=&#8221;50&#8243; shift_x=&#8221;0&#8243; shift_y=&#8221;-5&#8243; shift_y_fixed=&#8221;yes&#8221; shift_y_down=&#8221;0&#8243; z_index=&#8221;0&#8243; medium_width=&#8221;0&#8243; mobile_width=&#8221;0&#8243; width=&#8221;1\/1&#8243; uncode_shortcode_id=&#8221;171549&#8243; back_color_type=&#8221;uncode-palette&#8221; column_width_pixel=&#8221;1180&#8243; el_class=&#8221;pbottomContactForm&#8221;]\n<div class=\"wpcf7 no-js\" id=\"wpcf7-f2941-o1\" lang=\"ca\" dir=\"ltr\" data-wpcf7-id=\"2941\">\n<div class=\"screen-reader-response\"><p role=\"status\" aria-live=\"polite\" aria-atomic=\"true\"><\/p> <ul><\/ul><\/div>\n<form action=\"\/ca\/wp-json\/wp\/v2\/pages\/3107#wpcf7-f2941-o1\" method=\"post\" class=\"wpcf7-form init\" aria-label=\"Formulari de contacte\" novalidate=\"novalidate\" data-status=\"init\">\n<fieldset class=\"hidden-fields-container\"><input type=\"hidden\" name=\"_wpcf7\" value=\"2941\" \/><input type=\"hidden\" name=\"_wpcf7_version\" value=\"6.1.5\" \/><input type=\"hidden\" name=\"_wpcf7_locale\" value=\"ca\" \/><input type=\"hidden\" name=\"_wpcf7_unit_tag\" value=\"wpcf7-f2941-o1\" \/><input type=\"hidden\" name=\"_wpcf7_container_post\" value=\"0\" \/><input type=\"hidden\" name=\"_wpcf7_posted_data_hash\" value=\"\" \/><input type=\"hidden\" name=\"_wpcf7_recaptcha_response\" value=\"\" \/>\n<\/fieldset>\n<p><span class=\"wpcf7-form-control-wrap\" data-name=\"f-fullname\"><input size=\"40\" maxlength=\"400\" class=\"wpcf7-form-control wpcf7-text wpcf7-validates-as-required form-fluid\" aria-required=\"true\" aria-invalid=\"false\" placeholder=\"Nombre y apellidos\" value=\"\" type=\"text\" name=\"f-fullname\" \/><\/span>\n<\/p>\n<div class=\"wpcf7-inline-wrapper\">\n\t<p class=\"wpcf7-inline-field\"><span class=\"wpcf7-form-control-wrap\" data-name=\"f-phone\"><input size=\"40\" maxlength=\"400\" class=\"wpcf7-form-control wpcf7-text wpcf7-validates-as-required form-fluid\" aria-required=\"true\" aria-invalid=\"false\" placeholder=\"Tel\u00e9fono\" value=\"\" type=\"text\" name=\"f-phone\" \/><\/span>\n\t<\/p>\n\t<p class=\"wpcf7-inline-field\"><span class=\"wpcf7-form-control-wrap\" data-name=\"f-email\"><input size=\"40\" maxlength=\"400\" class=\"wpcf7-form-control wpcf7-email wpcf7-validates-as-required wpcf7-text wpcf7-validates-as-email\" aria-required=\"true\" aria-invalid=\"false\" placeholder=\"E-mail\" value=\"\" type=\"email\" name=\"f-email\" \/><\/span>\n\t<\/p>\n<\/div>\n<p><span class=\"wpcf7-form-control-wrap\" data-name=\"f-subject\"><input size=\"40\" maxlength=\"400\" class=\"wpcf7-form-control wpcf7-text wpcf7-validates-as-required form-fluid\" aria-required=\"true\" aria-invalid=\"false\" placeholder=\"Asunto del mensaje\" value=\"\" type=\"text\" name=\"f-subject\" \/><\/span>\n<\/p>\n<p><span class=\"wpcf7-form-control-wrap\" data-name=\"f-message\"><textarea cols=\"40\" rows=\"8\" maxlength=\"2000\" class=\"wpcf7-form-control wpcf7-textarea\" aria-invalid=\"false\" placeholder=\"Mensaje\" name=\"f-message\"><\/textarea><\/span>\n<\/p>\n<p><label for=\"f-acepto\"><span class=\"wpcf7-form-control-wrap\" data-name=\"f-acepto\"><span class=\"wpcf7-form-control wpcf7-acceptance\"><span class=\"wpcf7-list-item\"><input type=\"checkbox\" name=\"f-acepto\" value=\"1\" id=\"f-acepto\" aria-invalid=\"false\" \/><\/span><\/span><\/span> He le\u00eddo y acepto <\/label><a href=\"\/politica-de-privacidad\" target=\"_blank\">la pol\u00edtica de privacidad<\/a>.\n<\/p>\n<p><input class=\"wpcf7-form-control wpcf7-submit has-spinner btn btn-accent\" id=\"btnEnviar\" type=\"submit\" value=\"ENVIAR\" \/>\n<\/p><div class=\"wpcf7-response-output\" aria-hidden=\"true\"><\/div>\n<\/form>\n<\/div>\n[\/vc_column][\/vc_row][vc_row row_height_percent=&#8221;0&#8243; override_padding=&#8221;yes&#8221; h_padding=&#8221;0&#8243; top_padding=&#8221;0&#8243; bottom_padding=&#8221;0&#8243; back_color=&#8221;color-grey1&#8243; overlay_alpha=&#8221;50&#8243; gutter_size=&#8221;3&#8243; column_width_percent=&#8221;100&#8243; shift_y=&#8221;0&#8243; z_index=&#8221;0&#8243; uncode_shortcode_id=&#8221;226602&#8243; back_color_type=&#8221;uncode-palette&#8221;][vc_column column_width_use_pixel=&#8221;yes&#8221; gutter_size=&#8221;3&#8243; override_padding=&#8221;yes&#8221; column_padding=&#8221;0&#8243; back_color=&#8221;color-xsdn&#8221; overlay_alpha=&#8221;50&#8243; shift_x=&#8221;0&#8243; shift_y=&#8221;0&#8243; shift_y_fixed=&#8221;yes&#8221; shift_y_down=&#8221;0&#8243; z_index=&#8221;0&#8243; medium_width=&#8221;0&#8243; mobile_width=&#8221;0&#8243; width=&#8221;1\/1&#8243; uncode_shortcode_id=&#8221;126987&#8243; back_color_type=&#8221;uncode-palette&#8221; column_width_pixel=&#8221;1180&#8243;][vc_gmaps latlon=&#8221;41.3942224,2.1168428&#8243; map_color=&#8221;color-grey2&#8243; ui_color=&#8221;accent&#8221; zoom=&#8221;14&#8243; map_saturation=&#8221;-100&#8243; map_brightness=&#8221;5&#8243; uncode_shortcode_id=&#8221;167599&#8243; ui_color_type=&#8221;uncode-palette&#8221; map_color_type=&#8221;uncode-palette&#8221;][\/vc_column][\/vc_row][vc_row row_height_percent=&#8221;0&#8243; override_padding=&#8221;yes&#8221; h_padding=&#8221;2&#8243; top_padding=&#8221;0&#8243; bottom_padding=&#8221;4&#8243; back_color=&#8221;color-grey1&#8243; overlay_alpha=&#8221;50&#8243; gutter_size=&#8221;3&#8243; column_width_percent=&#8221;100&#8243; shift_y=&#8221;0&#8243; z_index=&#8221;0&#8243; uncode_shortcode_id=&#8221;627070&#8243; back_color_type=&#8221;uncode-palette&#8221;][vc_column column_width_use_pixel=&#8221;yes&#8221; gutter_size=&#8221;3&#8243; override_padding=&#8221;yes&#8221; column_padding=&#8221;2&#8243; back_color=&#8221;color-xsdn&#8221; overlay_alpha=&#8221;50&#8243; shift_x=&#8221;0&#8243; shift_y=&#8221;-5&#8243; shift_y_down=&#8221;0&#8243; z_index=&#8221;0&#8243; medium_width=&#8221;0&#8243; mobile_width=&#8221;0&#8243; width=&#8221;1\/1&#8243; uncode_shortcode_id=&#8221;382815&#8243; back_color_type=&#8221;uncode-palette&#8221; column_width_pixel=&#8221;1180&#8243;][vc_empty_space empty_h=&#8221;2&#8243;][vc_row_inner row_inner_height_percent=&#8221;0&#8243; overlay_alpha=&#8221;50&#8243; equal_height=&#8221;yes&#8221; gutter_size=&#8221;3&#8243; shift_y=&#8221;0&#8243; z_index=&#8221;0&#8243; uncode_shortcode_id=&#8221;442525&#8243; el_class=&#8221;contactData&#8221; el_id=&#8221;contactData&#8221;][vc_column_inner column_width_percent=&#8221;100&#8243; position_vertical=&#8221;middle&#8221; gutter_size=&#8221;3&#8243; override_padding=&#8221;yes&#8221; column_padding=&#8221;2&#8243; overlay_alpha=&#8221;50&#8243; shift_x=&#8221;0&#8243; shift_y=&#8221;0&#8243; shift_y_down=&#8221;0&#8243; z_index=&#8221;0&#8243; medium_width=&#8221;0&#8243; mobile_width=&#8221;0&#8243; width=&#8221;1\/3&#8243; uncode_shortcode_id=&#8221;112048&#8243;][vc_icon position=&#8221;left&#8221; space_reduced=&#8221;yes&#8221; icon=&#8221;fa fa-map-marker&#8221; icon_color=&#8221;accent&#8221; size=&#8221;fa-3x&#8221; uncode_shortcode_id=&#8221;152078&#8243; icon_color_type=&#8221;uncode-palette&#8221;]<strong>FUNDACI\u00d3N FERO<\/strong><br \/>\n<a href=\"https:\/\/www.google.com\/maps\/search\/C%2F+Can%C3%A0ries+21,+planta+baja,+08017+Barcelona\/@41.3942537,2.1168428,15z\/data=!3m1!4b1?entry=ttu\" target=\"_blank\" rel=\"noopener\">C\/ Can\u00e0ries 21, planta baja<br \/>\n08017 Barcelona<br \/>\nEspa\u00f1a<\/a>[\/vc_icon][\/vc_column_inner][vc_column_inner column_width_percent=&#8221;100&#8243; position_vertical=&#8221;middle&#8221; gutter_size=&#8221;3&#8243; override_padding=&#8221;yes&#8221; column_padding=&#8221;2&#8243; overlay_alpha=&#8221;50&#8243; border_color=&#8221;accent&#8221; border_style=&#8221;solid&#8221; shift_x=&#8221;0&#8243; shift_y=&#8221;0&#8243; shift_y_down=&#8221;0&#8243; z_index=&#8221;0&#8243; medium_width=&#8221;0&#8243; mobile_width=&#8221;0&#8243; width=&#8221;1\/3&#8243; uncode_shortcode_id=&#8221;145261&#8243; css=&#8221;.vc_custom_1697451667956{border-right-width: 1px !important;border-left-width: 1px !important;}&#8221; border_color_type=&#8221;uncode-palette&#8221;][vc_icon position=&#8221;left&#8221; space_reduced=&#8221;yes&#8221; icon=&#8221;fa fa-phone&#8221; icon_color=&#8221;accent&#8221; size=&#8221;fa-3x&#8221; uncode_shortcode_id=&#8221;157931&#8243; icon_color_type=&#8221;uncode-palette&#8221;]<a href=\"tel:+34932700438\">+ 34 93 270 04 38<\/a>[\/vc_icon][\/vc_column_inner][vc_column_inner column_width_percent=&#8221;100&#8243; position_vertical=&#8221;middle&#8221; gutter_size=&#8221;3&#8243; override_padding=&#8221;yes&#8221; column_padding=&#8221;2&#8243; overlay_alpha=&#8221;50&#8243; shift_x=&#8221;0&#8243; shift_y=&#8221;0&#8243; shift_y_down=&#8221;0&#8243; z_index=&#8221;0&#8243; medium_width=&#8221;0&#8243; mobile_width=&#8221;0&#8243; width=&#8221;1\/3&#8243; uncode_shortcode_id=&#8221;605621&#8243;][vc_icon position=&#8221;left&#8221; space_reduced=&#8221;yes&#8221; icon=&#8221;fa fa-envelope&#8221; icon_color=&#8221;accent&#8221; size=&#8221;fa-3x&#8221; uncode_shortcode_id=&#8221;203617&#8243; icon_color_type=&#8221;uncode-palette&#8221;]<a href=\"mailto:fero@fero.org\">fero@fero.org<\/a>[\/vc_icon][\/vc_column_inner][\/vc_row_inner][vc_empty_space empty_h=&#8221;2&#8243;][vc_row_inner][vc_column_inner width=&#8221;1\/1&#8243;][vc_button size=&#8221;link&#8221; btn_link_size=&#8221;fontsize-s14&#8243; link=&#8221;url:https%3A%2F%2Ffero.org%2Fca%2Fcanal-de-denuncies%2F|title:Canal%20de%20denuncias|target:_blank&#8221; uncode_shortcode_id=&#8221;211614&#8243; icon=&#8221;fa fa-external-link&#8221;]Canal de den\u00fancies[\/vc_button][\/vc_column_inner][\/vc_row_inner][vc_empty_space empty_h=&#8221;2&#8243;][\/vc_column][\/vc_row]<\/p>\n<\/div>","protected":false},"excerpt":{"rendered":"<p>[vc_row row_height_percent=&#8221;0&#8243; override_padding=&#8221;yes&#8221; h_padding=&#8221;2&#8243; top_padding=&#8221;7&#8243; bottom_padding=&#8221;5&#8243; back_image=&#8221;1031&#8243; kburns=&#8221;yes&#8221; overlay_color=&#8221;color-jevc&#8221; overlay_alpha=&#8221;50&#8243; gutter_size=&#8221;3&#8243; column_width_percent=&#8221;100&#8243; shift_y=&#8221;0&#8243; z_index=&#8221;0&#8243; auto_height_device=&#8221;yes&#8221; uncode_shortcode_id=&#8221;919239&#8243; overlay_color_type=&#8221;uncode-palette&#8221; row_height_pixel=&#8221;150&#8243;][vc_column column_width_percent=&#8221;100&#8243; position_horizontal=&#8221;right&#8221; [&hellip;]<\/p>\n","protected":false},"author":2,"featured_media":0,"parent":0,"menu_order":0,"comment_status":"closed","ping_status":"closed","template":"","meta":{"footnotes":""},"folder":[],"class_list":["post-3107","page","type-page","status-publish","hentry"],"yoast_head":"<!-- This site is optimized with the Yoast SEO plugin v27.4 - https:\/\/yoast.com\/product\/yoast-seo-wordpress\/ -->\n<title>Contacta - Fundaci\u00f3n Fero<\/title>\n<meta name=\"robots\" content=\"index, follow, max-snippet:-1, max-image-preview:large, max-video-preview:-1\" \/>\n<link rel=\"canonical\" href=\"https:\/\/fero.org\/ca\/contacta\/\" \/>\n<meta property=\"og:locale\" content=\"ca_ES\" \/>\n<meta property=\"og:type\" content=\"article\" \/>\n<meta property=\"og:title\" content=\"Contacta - Fundaci\u00f3n Fero\" \/>\n<meta property=\"og:description\" content=\"[vc_row row_height_percent=&#8221;0&#8243; override_padding=&#8221;yes&#8221; h_padding=&#8221;2&#8243; top_padding=&#8221;7&#8243; bottom_padding=&#8221;5&#8243; back_image=&#8221;1031&#8243; kburns=&#8221;yes&#8221; overlay_color=&#8221;color-jevc&#8221; overlay_alpha=&#8221;50&#8243; gutter_size=&#8221;3&#8243; column_width_percent=&#8221;100&#8243; shift_y=&#8221;0&#8243; z_index=&#8221;0&#8243; auto_height_device=&#8221;yes&#8221; uncode_shortcode_id=&#8221;919239&#8243; overlay_color_type=&#8221;uncode-palette&#8221; row_height_pixel=&#8221;150&#8243;][vc_column column_width_percent=&#8221;100&#8243; position_horizontal=&#8221;right&#8221; [&hellip;]\" \/>\n<meta property=\"og:url\" content=\"https:\/\/fero.org\/ca\/contacta\/\" \/>\n<meta property=\"og:site_name\" content=\"Fundaci\u00f3n Fero\" \/>\n<meta property=\"article:publisher\" content=\"https:\/\/www.facebook.com\/Fundacion.Fero\/\" \/>\n<meta property=\"article:modified_time\" content=\"2024-02-27T12:40:44+00:00\" \/>\n<meta name=\"twitter:card\" content=\"summary_large_image\" \/>\n<meta name=\"twitter:site\" content=\"@FundacionFero\" \/>\n<meta name=\"twitter:label1\" content=\"Temps estimat de lectura\" \/>\n\t<meta name=\"twitter:data1\" content=\"2 minuts\" \/>\n<script type=\"application\/ld+json\" class=\"yoast-schema-graph\">{\"@context\":\"https:\\\/\\\/schema.org\",\"@graph\":[{\"@type\":\"WebPage\",\"@id\":\"https:\\\/\\\/fero.org\\\/ca\\\/contacta\\\/\",\"url\":\"https:\\\/\\\/fero.org\\\/ca\\\/contacta\\\/\",\"name\":\"Contacta - Fundaci\u00f3n Fero\",\"isPartOf\":{\"@id\":\"https:\\\/\\\/fero.org\\\/ca\\\/#website\"},\"datePublished\":\"2023-10-16T09:40:10+00:00\",\"dateModified\":\"2024-02-27T12:40:44+00:00\",\"breadcrumb\":{\"@id\":\"https:\\\/\\\/fero.org\\\/ca\\\/contacta\\\/#breadcrumb\"},\"inLanguage\":\"ca\",\"potentialAction\":[{\"@type\":\"ReadAction\",\"target\":[\"https:\\\/\\\/fero.org\\\/ca\\\/contacta\\\/\"]}]},{\"@type\":\"BreadcrumbList\",\"@id\":\"https:\\\/\\\/fero.org\\\/ca\\\/contacta\\\/#breadcrumb\",\"itemListElement\":[{\"@type\":\"ListItem\",\"position\":1,\"name\":\"Portada\",\"item\":\"https:\\\/\\\/fero.org\\\/ca\\\/\"},{\"@type\":\"ListItem\",\"position\":2,\"name\":\"Contacta\"}]},{\"@type\":\"WebSite\",\"@id\":\"https:\\\/\\\/fero.org\\\/ca\\\/#website\",\"url\":\"https:\\\/\\\/fero.org\\\/ca\\\/\",\"name\":\"Fundaci\u00f3n Fero\",\"description\":\"fundaci\u00f3n privada dedicada a la investigaci\u00f3n oncol\u00f3gica\",\"potentialAction\":[{\"@type\":\"SearchAction\",\"target\":{\"@type\":\"EntryPoint\",\"urlTemplate\":\"https:\\\/\\\/fero.org\\\/ca\\\/?s={search_term_string}\"},\"query-input\":{\"@type\":\"PropertyValueSpecification\",\"valueRequired\":true,\"valueName\":\"search_term_string\"}}],\"inLanguage\":\"ca\"}]}<\/script>\n<!-- \/ Yoast SEO plugin. -->","yoast_head_json":{"title":"Contacta - Fundaci\u00f3n Fero","robots":{"index":"index","follow":"follow","max-snippet":"max-snippet:-1","max-image-preview":"max-image-preview:large","max-video-preview":"max-video-preview:-1"},"canonical":"https:\/\/fero.org\/ca\/contacta\/","og_locale":"ca_ES","og_type":"article","og_title":"Contacta - Fundaci\u00f3n Fero","og_description":"[vc_row row_height_percent=&#8221;0&#8243; override_padding=&#8221;yes&#8221; h_padding=&#8221;2&#8243; top_padding=&#8221;7&#8243; bottom_padding=&#8221;5&#8243; back_image=&#8221;1031&#8243; kburns=&#8221;yes&#8221; overlay_color=&#8221;color-jevc&#8221; overlay_alpha=&#8221;50&#8243; gutter_size=&#8221;3&#8243; column_width_percent=&#8221;100&#8243; shift_y=&#8221;0&#8243; z_index=&#8221;0&#8243; auto_height_device=&#8221;yes&#8221; uncode_shortcode_id=&#8221;919239&#8243; overlay_color_type=&#8221;uncode-palette&#8221; row_height_pixel=&#8221;150&#8243;][vc_column column_width_percent=&#8221;100&#8243; position_horizontal=&#8221;right&#8221; [&hellip;]","og_url":"https:\/\/fero.org\/ca\/contacta\/","og_site_name":"Fundaci\u00f3n Fero","article_publisher":"https:\/\/www.facebook.com\/Fundacion.Fero\/","article_modified_time":"2024-02-27T12:40:44+00:00","twitter_card":"summary_large_image","twitter_site":"@FundacionFero","twitter_misc":{"Temps estimat de lectura":"2 minuts"},"schema":{"@context":"https:\/\/schema.org","@graph":[{"@type":"WebPage","@id":"https:\/\/fero.org\/ca\/contacta\/","url":"https:\/\/fero.org\/ca\/contacta\/","name":"Contacta - Fundaci\u00f3n Fero","isPartOf":{"@id":"https:\/\/fero.org\/ca\/#website"},"datePublished":"2023-10-16T09:40:10+00:00","dateModified":"2024-02-27T12:40:44+00:00","breadcrumb":{"@id":"https:\/\/fero.org\/ca\/contacta\/#breadcrumb"},"inLanguage":"ca","potentialAction":[{"@type":"ReadAction","target":["https:\/\/fero.org\/ca\/contacta\/"]}]},{"@type":"BreadcrumbList","@id":"https:\/\/fero.org\/ca\/contacta\/#breadcrumb","itemListElement":[{"@type":"ListItem","position":1,"name":"Portada","item":"https:\/\/fero.org\/ca\/"},{"@type":"ListItem","position":2,"name":"Contacta"}]},{"@type":"WebSite","@id":"https:\/\/fero.org\/ca\/#website","url":"https:\/\/fero.org\/ca\/","name":"Fundaci\u00f3n Fero","description":"fundaci\u00f3n privada dedicada a la investigaci\u00f3n oncol\u00f3gica","potentialAction":[{"@type":"SearchAction","target":{"@type":"EntryPoint","urlTemplate":"https:\/\/fero.org\/ca\/?s={search_term_string}"},"query-input":{"@type":"PropertyValueSpecification","valueRequired":true,"valueName":"search_term_string"}}],"inLanguage":"ca"}]}},"_links":{"self":[{"href":"https:\/\/fero.org\/ca\/wp-json\/wp\/v2\/pages\/3107","targetHints":{"allow":["GET"]}}],"collection":[{"href":"https:\/\/fero.org\/ca\/wp-json\/wp\/v2\/pages"}],"about":[{"href":"https:\/\/fero.org\/ca\/wp-json\/wp\/v2\/types\/page"}],"author":[{"embeddable":true,"href":"https:\/\/fero.org\/ca\/wp-json\/wp\/v2\/users\/2"}],"replies":[{"embeddable":true,"href":"https:\/\/fero.org\/ca\/wp-json\/wp\/v2\/comments?post=3107"}],"version-history":[{"count":4,"href":"https:\/\/fero.org\/ca\/wp-json\/wp\/v2\/pages\/3107\/revisions"}],"predecessor-version":[{"id":3471,"href":"https:\/\/fero.org\/ca\/wp-json\/wp\/v2\/pages\/3107\/revisions\/3471"}],"wp:attachment":[{"href":"https:\/\/fero.org\/ca\/wp-json\/wp\/v2\/media?parent=3107"}],"wp:term":[{"taxonomy":"folder","embeddable":true,"href":"https:\/\/fero.org\/ca\/wp-json\/wp\/v2\/folder?post=3107"}],"curies":[{"name":"wp","href":"https:\/\/api.w.org\/{rel}","templated":true}]}}